{"id":7,"date":"2010-06-08T06:13:07","date_gmt":"2010-06-08T06:13:07","guid":{"rendered":"http:\/\/markuswargclou.se\/?page_id=7"},"modified":"2010-06-08T15:33:39","modified_gmt":"2010-06-08T15:33:39","slug":"tand-ett-ljus-till-markus","status":"publish","type":"page","link":"https:\/\/www.markuswargclou.se\/?page_id=7","title":{"rendered":"T\u00e4nd ett ljus till Markus"},"content":{"rendered":"<p style=\"text-align: center;\"><strong><img loading=\"lazy\" decoding=\"async\" class=\"ngg-singlepic ngg-none alignright\" src=\"http:\/\/markuswargclou.se\/wp-content\/gallery\/hemsidan\/mackan.jpg\" alt=\"mackan\" width=\"173\" height=\"230\" \/><span style=\"font-size: x-large;\"> <\/span><\/strong><\/p>\n<p style=\"text-align: center;\">\n<p style=\"text-align: center;\">\n<p><br class=\"spacer_\" \/><\/p>\n<p><br class=\"spacer_\" \/><\/p>\n<p style=\"text-align: center;\"><strong><span style=\"font-size: x-large;\"> T\u00e4nd ett ljus till Markus<\/span><\/strong><br \/>\n<strong><br \/>\nV\u00c4LKOMMEN TILL MARKUS MINNESBOK<\/strong><\/p>\n<p style=\"text-align: center;\">H\u00e4r kan ni framf\u00f6ra h\u00e4lsningar. Utbyta minnen av Markus. Hj\u00e4lpa och st\u00f6dja varandra.<br \/>\nOm ni vill h\u00f6ra Markus r\u00f6st,  kan ni fortfarande ringa till hans mobil tel. 073-6551097.<br \/>\nDetta abonnemang kommer att finnas kvar med telefonsvarare.<br \/>\n\/\/<strong>HJ\u00c4RTLIGA H\u00c4LSNINGAR,  MATS OCH MARGARETA MED FAMILJ.<\/strong><\/p>\n","protected":false},"excerpt":{"rendered":"<p>T\u00e4nd ett ljus till Markus V\u00c4LKOMMEN TILL MARKUS MINNESBOK H\u00e4r kan ni framf\u00f6ra h\u00e4lsningar. Utbyta minnen av Markus. Hj\u00e4lpa och st\u00f6dja varandra. Om ni vill h\u00f6ra Markus r\u00f6st, kan ni fortfarande ringa till hans mobil tel. 073-6551097. Detta abonnemang kommer att finnas kvar med telefonsvarare. \/\/HJ\u00c4RTLIGA H\u00c4LSNINGAR, MATS OCH MARGARETA MED FAMILJ.<\/p>\n","protected":false},"author":1,"featured_media":0,"parent":0,"menu_order":0,"comment_status":"open","ping_status":"open","template":"gbook.php","meta":{"ngg_post_thumbnail":0,"footnotes":""},"class_list":["post-7","page","type-page","status-publish","hentry"],"_links":{"self":[{"href":"https:\/\/www.markuswargclou.se\/index.php?rest_route=\/wp\/v2\/pages\/7","targetHints":{"allow":["GET"]}}],"collection":[{"href":"https:\/\/www.markuswargclou.se\/index.php?rest_route=\/wp\/v2\/pages"}],"about":[{"href":"https:\/\/www.markuswargclou.se\/index.php?rest_route=\/wp\/v2\/types\/page"}],"author":[{"embeddable":true,"href":"https:\/\/www.markuswargclou.se\/index.php?rest_route=\/wp\/v2\/users\/1"}],"replies":[{"embeddable":true,"href":"https:\/\/www.markuswargclou.se\/index.php?rest_route=%2Fwp%2Fv2%2Fcomments&post=7"}],"version-history":[{"count":15,"href":"https:\/\/www.markuswargclou.se\/index.php?rest_route=\/wp\/v2\/pages\/7\/revisions"}],"predecessor-version":[{"id":46,"href":"https:\/\/www.markuswargclou.se\/index.php?rest_route=\/wp\/v2\/pages\/7\/revisions\/46"}],"wp:attachment":[{"href":"https:\/\/www.markuswargclou.se\/index.php?rest_route=%2Fwp%2Fv2%2Fmedia&parent=7"}],"curies":[{"name":"wp","href":"https:\/\/api.w.org\/{rel}","templated":true}]}}