{"id":14,"date":"2010-06-08T06:15:10","date_gmt":"2010-06-08T06:15:10","guid":{"rendered":"http:\/\/markuswargclou.se\/?page_id=14"},"modified":"2025-08-22T07:12:14","modified_gmt":"2025-08-22T07:12:14","slug":"markus-minnesfond","status":"publish","type":"page","link":"https:\/\/www.markuswargclou.se\/?page_id=14","title":{"rendered":"Markus Minnesfond"},"content":{"rendered":"<table style=\"width: 90%;\" border=\"0\" cellspacing=\"3\" align=\"center\">\n<tbody>\n<tr>\n<td colspan=\"4\" align=\"center\"><span style=\"font-size: medium;\"><strong><br \/>\n<span style=\"font-size: 22px;\">Markus Wargclou`s Minnes Fond<\/span><\/strong><\/span><\/td>\n<\/tr>\n<tr>\n<td colspan=\"4\" align=\"center\">&nbsp;<em>&nbsp;<\/em><\/p>\n<p><em><span style=\"font-size: small;\">Minnesfonden skall uppmuntra och stimulera i Markus anda, inom s\u00e5v\u00e4l ungdomsidrott som senioridrott (omt\u00e4nksamhet, m\u00e5lmedvetenhet, uppmuntran, kamratskap, m\u00e4nniskors lika v\u00e4rde, vilja, engagemang, gl\u00e4dje, optimism). Bidrag fr\u00e5n fonden ges f\u00f6r individuella prestationer, laginsatser, tr\u00e4nare\/ledare, f\u00f6r\u00e4ldrainsatser och f\u00f6reningar. Idrottsf\u00f6reningar och privatpersoner f\u00e5r l\u00e4mna f\u00f6rslag p\u00e5 kandidater.<\/span><\/em><\/p>\n<p><span style=\"font-size: small;\"><strong>Bankkonto:<\/strong> 8327-9 973858199-1 SWEDBANK.<br \/>\n<strong>Swish nummer:<\/strong>&nbsp; 1230523381<br \/>\n<\/span><\/p>\n<p><span style=\"font-size: small;\"><strong>Ans\u00f6kan\/f\u00f6rslag skickas till:<\/strong> <a href=\"mailto:mats.wargclou@live.se\">mats.wargclou@live.se<\/a><\/span><\/p>\n<p><span style=\"font-size: small;\">&nbsp;<\/span><\/td>\n<\/tr>\n<tr><!-- - 2023 ---><\/p>\n<td colspan=\"4\">\n<hr size=\"1\">\n<p>&nbsp;<\/p>\n<div style=\"text-align: center;\"><span style=\"font-size: medium;\"><strong>Dessa blev tilldelade stipendium ur Markus Wargclou`s Minnesfond 2023<\/strong><\/span><br \/>\n<strong>F\u00f6r att kunna se motiveringarna kan ni klicka p\u00e5 respektive f\u00f6rening\/person.<\/strong><\/div>\n<\/td>\n<\/tr>\n<tr>\n<td style=\"text-align: center;\" colspan=\"4\"><span style=\"font-size: 14pt;\"><a href=\"http:\/\/www.markuswargclou.se\/?page_id=361\">Miranda Tibbling<\/a> &amp;&nbsp;<a href=\"http:\/\/www.markuswargclou.se\/?page_id=364\">Petra Jacob<\/a><\/span><span style=\"font-size: medium;\">&nbsp;<\/span><\/td>\n<\/tr>\n<tr><!-- - 2019 ---><\/p>\n<td colspan=\"4\">\n<hr size=\"1\">\n<p>&nbsp;<\/p>\n<div style=\"text-align: center;\"><span style=\"font-size: medium;\"><strong>Dessa blev tilldelade stipendium ur Markus Wargclou`s Minnesfond 2019<\/strong><\/span><br \/>\n<strong>F\u00f6r att kunna se motiveringarna kan ni klicka p\u00e5 respektive f\u00f6rening\/person.<\/strong><\/div>\n<\/td>\n<\/tr>\n<tr>\n<td style=\"text-align: center;\" colspan=\"4\"><span style=\"font-size: 14pt;\"><a href=\"http:\/\/www.markuswargclou.se\/?page_id=343\">S\u00f6dert\u00e4lje Ridklubb<\/a><\/span><span style=\"font-size: medium;\">&nbsp;<\/span><\/td>\n<\/tr>\n<tr><!-- - 2018 ---><\/p>\n<td colspan=\"4\">\n<hr size=\"1\">\n<p>&nbsp;<\/p>\n<div style=\"text-align: center;\"><span style=\"font-size: medium;\"><strong>Dessa blev tilldelade stipendium ur Markus Wargclou`s Minnesfond 2018<\/strong><\/span><br \/>\n<strong>F\u00f6r att kunna se motiveringarna kan ni klicka p\u00e5 respektive f\u00f6rening\/person.<\/strong><\/div>\n<\/td>\n<\/tr>\n<tr>\n<td style=\"text-align: center;\" colspan=\"4\"><span style=\"font-size: 14pt;\"><a href=\"http:\/\/www.markuswargclou.se\/?page_id=334\">Pershagen SK<\/a><\/span><span style=\"font-size: medium;\">&nbsp;<\/span><\/td>\n<\/tr>\n<tr><!-- - 2017 ---><\/p>\n<td colspan=\"4\">\n<hr size=\"1\">\n<p>&nbsp;<\/p>\n<div style=\"text-align: center;\"><span style=\"font-size: medium;\"><strong>Dessa blev tilldelade stipendium ur Markus Wargclou`s Minnesfond 2017<\/strong><\/span><br \/>\n<strong>F\u00f6r att kunna se motiveringarna kan ni klicka p\u00e5 respektive f\u00f6rening\/person.<\/strong><\/div>\n<\/td>\n<\/tr>\n<tr>\n<td style=\"text-align: center;\" colspan=\"4\"><span style=\"font-size: 14pt;\"><a href=\"http:\/\/www.markuswargclou.se\/?page_id=328\">S\u00f6dert\u00e4lje Sims\u00e4llskap (SSS)<\/a><\/span><span style=\"font-size: medium;\">&nbsp;<\/span><\/td>\n<\/tr>\n<tr><!-- - 2016 ---><\/p>\n<td colspan=\"4\">\n<hr size=\"1\">\n<p>&nbsp;<\/p>\n<div style=\"text-align: center;\"><span style=\"font-size: medium;\"><strong>Dessa blev tilldelade stipendium ur Markus Wargclou`s Minnesfond 2016<\/strong><\/span><br \/>\n<strong>F\u00f6r att kunna se motiveringarna kan ni klicka p\u00e5 respektive f\u00f6rening\/person.<\/strong><\/div>\n<\/td>\n<\/tr>\n<tr>\n<td style=\"text-align: center;\" colspan=\"4\"><span style=\"font-size: 14pt;\"><a href=\"http:\/\/www.markuswargclou.se\/?page_id=320\">S\u00f6dert\u00e4lje-Nykvarn Orientering (SNO)<\/a><\/span><span style=\"font-size: medium;\">&nbsp;<\/span><\/td>\n<\/tr>\n<tr><!-- - 2015 ---><\/p>\n<td colspan=\"4\">\n<hr size=\"1\">\n<p>&nbsp;<\/p>\n<div style=\"text-align: center;\"><span style=\"font-size: medium;\"><strong>Dessa blev tilldelade stipendium ur Markus Wargclou`s Minnesfond 2015<\/strong><\/span><br \/>\n<strong>F\u00f6r att kunna se motiveringarna kan ni klicka p\u00e5 respektive f\u00f6rening\/person.<\/strong><\/div>\n<\/td>\n<\/tr>\n<tr>\n<td style=\"text-align: center;\" colspan=\"4\"><span style=\"font-size: 14pt;\"><a href=\"http:\/\/www.markuswargclou.se\/?page_id=296\">S\u00f6dert\u00e4lje Fotbollsklubb &#8211; 2015<\/a><\/span><span style=\"font-size: medium;\">&nbsp;<\/span><\/td>\n<\/tr>\n<tr><!-- - 2014 ---><\/p>\n<td colspan=\"4\">\n<hr size=\"1\">\n<p>&nbsp;<\/p>\n<div style=\"text-align: center;\"><span style=\"font-size: medium;\"><strong>Dessa blev tilldelade stipendium ur Markus Wargclou`s Minnesfond 2014<\/strong><\/span><br \/>\n<strong>F\u00f6r att kunna se motiveringarna kan ni klicka p\u00e5 respektive f\u00f6rening\/person.<\/strong><\/div>\n<\/td>\n<\/tr>\n<tr>\n<td style=\"text-align: center;\" colspan=\"4\"><span style=\"font-size: 14pt;\"><a href=\"http:\/\/www.markuswargclou.se\/?page_id=298\">Telge SIBK\u00b4s damlag &#8211; 2014<\/a><\/span><span style=\"font-size: medium;\">&nbsp;<\/span><\/td>\n<\/tr>\n<tr><!-- - 2013 ---><\/p>\n<td colspan=\"4\">\n<hr size=\"1\">\n<p>&nbsp;<\/p>\n<div style=\"text-align: center;\"><span style=\"font-size: medium;\"><strong>Dessa blev tilldelade stipendium ur Markus Wargclou`s Minnesfond 2013<\/strong><\/span><br \/>\n<strong>F\u00f6r att kunna se motiveringarna kan ni klicka p\u00e5 respektive f\u00f6rening\/person.<\/strong><\/div>\n<\/td>\n<\/tr>\n<tr>\n<td style=\"text-align: center;\" colspan=\"4\"><span style=\"font-size: medium;\"><a href=\"http:\/\/www.markuswargclou.se\/?page_id=269\">J\u00e4rna SK &#8211; Ungdomsverksamheten &#8211; 2013<\/a><\/span><span style=\"font-size: medium;\">&nbsp;<\/span><\/td>\n<\/tr>\n<tr><!-- - 2012 ---><\/p>\n<td colspan=\"4\">\n<hr size=\"1\">\n<p>&nbsp;<\/p>\n<div style=\"text-align: center;\"><span style=\"font-size: medium;\"><strong>Dessa blev tilldelade stipendium ur Markus Wargclou`s Minnesfond 2012<\/strong><\/span><br \/>\n<strong>F\u00f6r att kunna se motiveringarna kan ni klicka p\u00e5 respektive f\u00f6rening\/person.<\/strong><\/div>\n<\/td>\n<\/tr>\n<tr>\n<td>&nbsp;<\/td>\n<td>\n<div style=\"text-align: center;\"><a href=\"http:\/\/www.markuswargclou.se\/?page_id=254\"><span style=\"font-size: medium;\">Kjell \u00d6sth, Jan-Lennart Andersson<br \/>\noch Benny Johansson<\/span><\/a><\/div>\n<\/td>\n<td>\n<div style=\"text-align: center;\"><a href=\"http:\/\/www.markuswargclou.se\/?page_id=258\"><span style=\"font-size: medium;\">S\u00f6dert\u00e4lje IBK<\/span><\/a><\/div>\n<\/td>\n<td>&nbsp;<\/td>\n<\/tr>\n<tr>\n<td colspan=\"4\">&nbsp;<\/td>\n<\/tr>\n<tr><!-- - 2011 ---><\/p>\n<td colspan=\"4\">\n<hr size=\"1\">\n<p>&nbsp;<\/p>\n<p>&nbsp;<\/p>\n<div style=\"text-align: center;\"><span style=\"font-size: medium;\"><strong>Dessa blev tilldelade stipendium ur Markus Wargclou`s Minnesfond 2011<\/strong><\/span><br \/>\n<strong>F\u00f6r att kunna se motiveringarna kan ni klicka p\u00e5 respektive f\u00f6rening\/person.<\/strong><\/div>\n<\/td>\n<\/tr>\n<tr>\n<td>&nbsp;<\/td>\n<td>\n<div style=\"text-align: center;\"><span style=\"font-size: medium;\"><a href=\"http:\/\/www.markuswargclou.se\/?page_id=241\">Svenska Rullstolscurlingslandslaget<\/a><\/span><\/div>\n<\/td>\n<td>\n<div style=\"text-align: center;\"><span style=\"font-size: medium;\"><a href=\"http:\/\/www.markuswargclou.se\/?page_id=237\">S\u00f6dert\u00e4lje IBK<\/a><\/span><\/div>\n<\/td>\n<td>&nbsp;<\/td>\n<\/tr>\n<tr>\n<td colspan=\"4\">&nbsp;<\/td>\n<\/tr>\n<tr><!-- - 2010 ---><\/p>\n<td colspan=\"4\">\n<hr size=\"1\">\n<p>&nbsp;<\/p>\n<p>&nbsp;<\/p>\n<div style=\"text-align: center;\"><span style=\"font-size: medium;\"><strong>Dessa blev tilldelade stipendium ur Markus Wargclou`s Minnesfond 2010<\/strong><\/span><br \/>\n<strong>F\u00f6r att kunna se motiveringarna kan ni klicka p\u00e5 respektive f\u00f6rening\/person.<\/strong><\/div>\n<\/td>\n<\/tr>\n<tr>\n<td>&nbsp;<\/td>\n<td>\n<div style=\"text-align: center;\"><span style=\"font-size: medium;\"><a href=\"http:\/\/markuswargclou.se\/?page_id=62\">Nykvarns Brottarf\u00f6rening<\/a><\/span><\/div>\n<\/td>\n<td>\n<div style=\"text-align: center;\"><span style=\"font-size: medium;\"><a href=\"http:\/\/www.markuswargclou.se\/?page_id=68\">S\u00f6dert\u00e4lje IBK<\/a><\/span><\/div>\n<\/td>\n<td>&nbsp;<\/td>\n<\/tr>\n<tr>\n<td colspan=\"4\">&nbsp;<\/p>\n<hr size=\"1\">\n<div style=\"text-align: center;\">&nbsp;<\/div>\n<div style=\"text-align: center;\"><br class=\"spacer_\"><span style=\"font-size: medium;\"><strong>Dessa blev tilldelade stipendium ur Markus Wargclou`s Minnesfond 2009<\/strong><\/span><strong><br \/>\nF\u00f6r att kunna se motiveringarna kan ni klicka p\u00e5 respektive f\u00f6rening\/person.<\/strong><\/div>\n<\/td>\n<\/tr>\n<tr>\n<td>&nbsp;<\/td>\n<td>\n<div style=\"text-align: center;\"><span style=\"font-size: medium;\"><a href=\"http:\/\/www.markuswargclou.se\/?page_id=74\">S\u00f6dert\u00e4lje Fotbollsdomarklubb<\/a><\/span><\/div>\n<\/td>\n<td>\n<div style=\"text-align: center;\"><span style=\"font-size: medium;\"><a href=\"http:\/\/www.markuswargclou.se\/?page_id=81\">\u00d6stert\u00e4lje Mini Bois<\/a><\/span><\/div>\n<\/td>\n<td>&nbsp;<\/td>\n<\/tr>\n<tr>\n<td>&nbsp;<\/td>\n<td colspan=\"2\" align=\"center\"><span style=\"font-size: medium;\"><a href=\"http:\/\/www.markuswargclou.se\/?page_id=85\">S\u00f6dert\u00e4lje IBK<\/a><\/span><\/td>\n<td>&nbsp;<\/td>\n<\/tr>\n<tr><!-- - 2008 ---><\/p>\n<td colspan=\"4\">&nbsp;&nbsp;<\/p>\n<hr size=\"1\">\n<div style=\"text-align: center;\">\n<p>&nbsp;<\/p>\n<p><span style=\"font-size: medium;\"><strong>Dessa blev tilldelade stipendium ur Markus Wargclou`s Minnesfond 2008<\/strong><\/span><br \/>\n<strong>F\u00f6r att kunna se motiveringarna kan ni klicka p\u00e5 respektive f\u00f6rening\/person.<\/strong><\/p>\n<\/div>\n<\/td>\n<\/tr>\n<tr>\n<td>&nbsp;<\/td>\n<td>\n<div style=\"text-align: center;\"><span style=\"font-size: medium;\"><a href=\"http:\/\/www.markuswargclou.se\/?page_id=88\">Frida Eldebrink<\/a><\/span><\/div>\n<\/td>\n<td>\n<div style=\"text-align: center;\"><span style=\"font-size: medium;\"><a href=\"http:\/\/www.markuswargclou.se\/?page_id=95\">S\u00f6dert\u00e4lje IBK<\/a><\/span><\/div>\n<\/td>\n<td>&nbsp;<\/td>\n<\/tr>\n<tr>\n<td>&nbsp;<\/td>\n<td align=\"center\"><span style=\"font-size: medium;\"><a href=\"http:\/\/www.markuswargclou.se\/?page_id=91\">Elin Eldebrink<\/a><\/span><\/td>\n<td align=\"center\"><span style=\"font-size: medium;\"><a href=\"http:\/\/www.markuswargclou.se\/?page_id=98\">Louise Halvarsson<\/a><\/span><\/td>\n<td>&nbsp;<\/td>\n<\/tr>\n<tr>\n<td>&nbsp;<\/td>\n<td colspan=\"2\">\n<div style=\"text-align: center;\"><span style=\"font-size: medium;\"><a href=\"http:\/\/www.markuswargclou.se\/?page_id=101\">Stefanie Yderstr\u00f6m<\/a><\/span><\/div>\n<\/td>\n<td>&nbsp;<\/td>\n<\/tr>\n<tr>\n<td colspan=\"4\">&nbsp;&nbsp;<\/p>\n<hr size=\"1\">\n<div>\n<p>&nbsp;<\/p>\n<p style=\"text-align: center;\"><span style=\"font-size: medium;\"><strong>Dessa blev tilldelade stipendium ur Markus Wargclou`s Minnesfond 2007<\/strong><\/span><br \/>\n<strong>F\u00f6r att kunna se motiveringarna kan ni klicka p\u00e5 respektive f\u00f6rening\/person.<\/strong><\/p>\n<p>&nbsp;<\/p>\n<\/div>\n<\/td>\n<\/tr>\n<tr>\n<td>&nbsp;<\/td>\n<td>\n<div style=\"text-align: center;\"><span style=\"font-size: medium;\"><a href=\"http:\/\/www.markuswargclou.se\/?page_id=106\">Thomas Fredriksson<\/a><\/span><\/div>\n<\/td>\n<td>\n<div style=\"text-align: center;\"><a href=\"http:\/\/www.markuswargclou.se\/?page_id=112\"><span style=\"font-size: medium;\">Rockets Innebandyklubb<\/span><\/a><\/div>\n<\/td>\n<td>&nbsp;<\/td>\n<\/tr>\n<tr>\n<td>&nbsp;<\/td>\n<td>\n<div style=\"text-align: center;\"><a href=\"http:\/\/www.markuswargclou.se\/?page_id=109\"><span style=\"font-size: medium;\">Diabate &#8221;Dallas&#8221; Dialy-Mory<\/span><\/a><\/div>\n<\/td>\n<td>\n<div style=\"text-align: center;\"><a href=\"http:\/\/www.markuswargclou.se\/?page_id=115\"><span style=\"font-size: medium;\">Annika \u00c5hlund<\/span><\/a><\/div>\n<\/td>\n<td>&nbsp;<\/td>\n<\/tr>\n<tr><!-- - 2006 ---><\/p>\n<td colspan=\"4\">&nbsp;&nbsp;<\/p>\n<hr size=\"1\">\n<div>\n<p>&nbsp;<\/p>\n<p style=\"text-align: center;\"><span style=\"font-size: medium;\"><strong>Dessa blev tilldelade stipendium ur Markus Wargclou`s Minnesfond 2006<\/strong><\/span><br \/>\n<strong>F\u00f6r att kunna se motiveringarna kan ni klicka p\u00e5 respektive f\u00f6rening\/person.<\/strong><\/p>\n<p>&nbsp;<\/p>\n<\/div>\n<\/td>\n<\/tr>\n<tr>\n<td>&nbsp;<\/td>\n<td>\n<div style=\"text-align: center;\"><a href=\"http:\/\/www.markuswargclou.se\/?page_id=118\"><span style=\"font-size: medium;\">Kristoffer Kranberg<\/span><\/a><\/div>\n<\/td>\n<td>\n<div style=\"text-align: center;\"><a href=\"http:\/\/www.markuswargclou.se\/?page_id=124\"><span style=\"font-size: medium;\">Daniel Erlandsson<\/span><\/a><\/div>\n<\/td>\n<td>&nbsp;<\/td>\n<\/tr>\n<tr>\n<td>&nbsp;<\/td>\n<td align=\"center\"><a href=\"http:\/\/www.markuswargclou.se\/?page_id=121\"><span style=\"font-size: medium;\">S\u00f6dert\u00e4lje IF<\/span><\/a><\/td>\n<td align=\"center\"><a href=\"http:\/\/www.markuswargclou.se\/?page_id=127\"><span style=\"font-size: medium;\">S\u00f6dertelge Volleybollklubb<\/span><\/a><\/td>\n<td>&nbsp;<\/td>\n<\/tr>\n<tr>\n<td>&nbsp;<\/td>\n<td colspan=\"2\">\n<div style=\"text-align: center;\"><a href=\"http:\/\/www.markuswargclou.se\/?page_id=130\"><span style=\"font-size: medium;\">Rockets Innebandyklubb<\/span><\/a><\/div>\n<\/td>\n<td>&nbsp;<\/td>\n<\/tr>\n<tr><!-- - 2005 ---><\/p>\n<td colspan=\"4\">&nbsp;&nbsp;<\/p>\n<hr size=\"1\">\n<div>\n<p>&nbsp;<\/p>\n<p>&nbsp;<\/p>\n<p style=\"text-align: center;\"><span style=\"font-size: medium;\"><strong>Dessa blev tilldelade stipendium ur Markus Wargclou`s Minnesfond 2005<\/strong><\/span><br \/>\n<strong>F\u00f6r att kunna se motiveringarna kan ni klicka p\u00e5 respektive f\u00f6rening\/person.<\/strong><\/p>\n<p>&nbsp;<\/p>\n<\/div>\n<\/td>\n<\/tr>\n<tr>\n<td>&nbsp;<\/td>\n<td>\n<div style=\"text-align: center;\"><a href=\"http:\/\/www.markuswargclou.se\/?page_id=134\"><span style=\"font-size: medium;\">Imre More<\/span><\/a><\/div>\n<\/td>\n<td>\n<div style=\"text-align: center;\"><a href=\"http:\/\/www.markuswargclou.se\/?page_id=140\"><span style=\"font-size: medium;\">S\u00f6dert\u00e4lje Basketbollklubb<\/span><\/a><\/div>\n<\/td>\n<td>&nbsp;<\/td>\n<\/tr>\n<tr>\n<td>&nbsp;<\/td>\n<td valign=\"top\">\n<div style=\"text-align: center;\"><a href=\"http:\/\/www.markuswargclou.se\/?page_id=137\"><span style=\"font-size: medium;\">S\u00f6dert\u00e4lje TB Rockets<\/span><\/a><\/div>\n<\/td>\n<td>\n<div style=\"text-align: center;\"><a href=\"http:\/\/www.markuswargclou.se\/?page_id=143\"><span style=\"font-size: medium;\">Truppgymnastiken i S\u00f6dert\u00e4lje Gymnastik och Simf\u00f6rening<\/span><\/a><\/div>\n<\/td>\n<td>&nbsp;<\/td>\n<\/tr>\n<tr><!-- - 2004 ---><\/p>\n<td colspan=\"4\">&nbsp;&nbsp;<\/p>\n<hr size=\"1\">\n<div>\n<p>&nbsp;<\/p>\n<p style=\"text-align: center;\"><span style=\"font-size: medium;\"><strong>Dessa blev tilldelade stipendium ur Markus Wargclou`s Minnesfond 2004<\/strong><\/span><br \/>\n<strong>F\u00f6r att kunna se motiveringarna kan ni klicka p\u00e5 respektive f\u00f6rening\/person.<\/strong><\/p>\n<p>&nbsp;<\/p>\n<\/div>\n<\/td>\n<\/tr>\n<tr>\n<td>&nbsp;<\/td>\n<td>\n<div style=\"text-align: center;\"><a href=\"http:\/\/www.markuswargclou.se\/?page_id=146\"><span style=\"font-size: medium;\">Anna Lapinen<\/span><\/a><\/div>\n<\/td>\n<td>\n<div style=\"text-align: center;\"><a href=\"http:\/\/www.markuswargclou.se\/?page_id=152\"><span style=\"font-size: medium;\">Carl-Eric Jansson<\/span><\/a><\/div>\n<\/td>\n<td>&nbsp;<\/td>\n<\/tr>\n<tr>\n<td>&nbsp;<\/td>\n<td>\n<div style=\"text-align: center;\"><a href=\"http:\/\/www.markuswargclou.se\/?page_id=149\"><span style=\"font-size: medium;\">S\u00f6dert\u00e4lje TB Rockets<\/span><\/a><\/div>\n<\/td>\n<td>\n<div style=\"text-align: center;\"><a href=\"http:\/\/www.markuswargclou.se\/?page_id=155\"><span style=\"font-size: medium;\">Nykvarns SK Flickor -90<\/span><\/a><\/div>\n<\/td>\n<td>&nbsp;<\/td>\n<\/tr>\n<tr><!-- - 2003 ---><\/p>\n<td colspan=\"4\">\n<div style=\"text-align: center;\">\n<p>&nbsp;<\/p>\n<hr size=\"1\">\n<p>&nbsp;<\/p>\n<p>&nbsp;<\/p>\n<p><span style=\"font-size: medium;\"><strong>Dessa blev tilldelade stipendium ur Markus Wargclou`s Minnesfond 2003<\/strong><\/span><br \/>\n<strong>F\u00f6r att kunna se motiveringarna kan ni klicka p\u00e5 respektive f\u00f6rening.<\/strong><\/p>\n<\/div>\n<\/td>\n<\/tr>\n<tr>\n<td width=\"23\">&nbsp;<\/td>\n<td width=\"227\">\n<div style=\"text-align: center;\"><a href=\"http:\/\/www.markuswargclou.se\/?page_id=158\"><span style=\"font-size: medium;\">Assyriska F\u00f6reningens Fotbollsskola<\/span><\/a><\/div>\n<\/td>\n<td width=\"249\">\n<div style=\"text-align: center;\"><a href=\"http:\/\/www.markuswargclou.se\/?page_id=165\"><span style=\"font-size: medium;\">J\u00e4rna SK: s Idrottsskola<\/span><\/a><\/div>\n<\/td>\n<td width=\"32\">&nbsp;<\/td>\n<\/tr>\n<tr>\n<td>&nbsp;<\/td>\n<td>\n<div style=\"text-align: center;\"><a href=\"http:\/\/www.markuswargclou.se\/?page_id=161\"><span style=\"font-size: medium;\">S\u00f6dert\u00e4lje TB Rockets<\/span><\/a><\/div>\n<\/td>\n<td>\n<div style=\"text-align: center;\"><a href=\"http:\/\/www.markuswargclou.se\/?page_id=168\"><span style=\"font-size: medium;\">Telge Vikings<\/span><\/a><\/div>\n<\/td>\n<td>&nbsp;<\/td>\n<\/tr>\n<tr>\n<td colspan=\"4\">&nbsp;&nbsp;<\/td>\n<\/tr>\n<\/tbody>\n<\/table>\n","protected":false},"excerpt":{"rendered":"<p>Markus Wargclou`s Minnes Fond &nbsp;&nbsp; Minnesfonden skall uppmuntra och stimulera i Markus anda, inom s\u00e5v\u00e4l ungdomsidrott som senioridrott (omt\u00e4nksamhet, m\u00e5lmedvetenhet, uppmuntran, kamratskap, m\u00e4nniskors lika v\u00e4rde, vilja, engagemang, gl\u00e4dje, optimism). Bidrag fr\u00e5n fonden ges f\u00f6r individuella prestationer, laginsatser, tr\u00e4nare\/ledare, f\u00f6r\u00e4ldrainsatser och f\u00f6reningar. Idrottsf\u00f6reningar och privatpersoner f\u00e5r l\u00e4mna f\u00f6rslag p\u00e5 kandidater. Bankkonto: 8327-9 973858199-1 SWEDBANK. Swish nummer:&nbsp; [&hellip;]<\/p>\n","protected":false},"author":1,"featured_media":0,"parent":0,"menu_order":0,"comment_status":"open","ping_status":"open","template":"","meta":{"ngg_post_thumbnail":0,"footnotes":""},"class_list":["post-14","page","type-page","status-publish","hentry"],"_links":{"self":[{"href":"https:\/\/www.markuswargclou.se\/index.php?rest_route=\/wp\/v2\/pages\/14","targetHints":{"allow":["GET"]}}],"collection":[{"href":"https:\/\/www.markuswargclou.se\/index.php?rest_route=\/wp\/v2\/pages"}],"about":[{"href":"https:\/\/www.markuswargclou.se\/index.php?rest_route=\/wp\/v2\/types\/page"}],"author":[{"embeddable":true,"href":"https:\/\/www.markuswargclou.se\/index.php?rest_route=\/wp\/v2\/users\/1"}],"replies":[{"embeddable":true,"href":"https:\/\/www.markuswargclou.se\/index.php?rest_route=%2Fwp%2Fv2%2Fcomments&post=14"}],"version-history":[{"count":82,"href":"https:\/\/www.markuswargclou.se\/index.php?rest_route=\/wp\/v2\/pages\/14\/revisions"}],"predecessor-version":[{"id":373,"href":"https:\/\/www.markuswargclou.se\/index.php?rest_route=\/wp\/v2\/pages\/14\/revisions\/373"}],"wp:attachment":[{"href":"https:\/\/www.markuswargclou.se\/index.php?rest_route=%2Fwp%2Fv2%2Fmedia&parent=14"}],"curies":[{"name":"wp","href":"https:\/\/api.w.org\/{rel}","templated":true}]}}