{"id":95,"date":"2010-06-09T08:12:07","date_gmt":"2010-06-09T08:12:07","guid":{"rendered":"http:\/\/www.markuswargclou.se\/?page_id=95"},"modified":"2010-06-09T08:12:07","modified_gmt":"2010-06-09T08:12:07","slug":"sodertalje-ibk-2008","status":"publish","type":"page","link":"http:\/\/www.markuswargclou.se\/?page_id=95","title":{"rendered":"S\u00f6dert\u00e4lje IBK &#8211; 2008"},"content":{"rendered":"<p><span style=\"font-size: large;\"><strong>S\u00f6dert\u00e4lje IBK<\/strong><\/span><br \/>\n<br class=\"spacer_\" \/><br \/>\nMarkus Wargclous Minnesfond tilldelar <strong>ungdomsverksamheten  i S\u00f6dert\u00e4lje IBK<\/strong> ett stipendium p\u00e5 10\u00a0000 kr.<br \/>\n<br class=\"spacer_\" \/><br \/>\nMarkus \u00e4lskade idrott. Fr\u00e5n det han var  sju \u00e5r spelade  han fotboll, tennis, ishockey och innebandy. N\u00e4r han blev \u00e4ldre  och  varje idrott kr\u00e4vde \u00e4nnu mer satsning valde Markus innebandyn. Han hade   b\u00f6rjat spela i Geneta Bk, som n\u00e5dde stora framg\u00e5ngar. Markus ville  forts\u00e4tta  spela och siktade p\u00e5 Elitseriespel.\u00a0  S\u00f6dert\u00e4lje Rockets var  det lag, som fick honom att utvecklas, som  innebandyspelare. D\u00e4r fann  han den kamratskap, som kom att betyda s\u00e5 mycket f\u00f6r  honom b\u00e5de p\u00e5 och  utanf\u00f6r bandyarenan.<br \/>\n<br class=\"spacer_\" \/><br \/>\nUngdomsverksamheten i S\u00f6dert\u00e4lje IBK har  under s\u00e4songen  07\/08 haft verksamhet f\u00f6r b\u00e5de pojkar och flickor. De har  deltagit i  sammandragsspel med 7st lag i \u00e5ldrarna 7 till 11\u00e5r och seriespel f\u00f6r  de  \u00e4ldre ungdomarna. Totalt har de haft 15st lag i ungdoms- och juniorspel  i  S\u00f6rmland. De har ocks\u00e5 varit representerade i nationella t\u00e4vlingar  som  Lunarstorm cup, ungdoms-SM och juniorallsvenskan. De \u00e4ldsta  tjejerna och killarna  har \u00e4ven varit starkt bidragande till  seniorlagens placeringar i respektive  serie. Kort sagt en positiv  s\u00e4song f\u00f6r f\u00f6reningen.<br \/>\n<br class=\"spacer_\" \/><br \/>\nVi i familjen vill att ungdomsverksamheten  i S\u00f6dert\u00e4lje  IBK \u00e5rligen skall erh\u00e5lla ett stipendium ur Markus Wargclous minnesfond.<br \/>\nMats och Margareta med familj,  tillsammans med Markus  Wargclous Minnesfond hoppas att detta stipendium kommer  att bidra till  ungdomarnas framtida innebandyutveckling.<br \/>\n<br class=\"spacer_\" \/><br class=\"spacer_\" \/><\/p>\n","protected":false},"excerpt":{"rendered":"<p>S\u00f6dert\u00e4lje IBK Markus Wargclous Minnesfond tilldelar ungdomsverksamheten i S\u00f6dert\u00e4lje IBK ett stipendium p\u00e5 10\u00a0000 kr. Markus \u00e4lskade idrott. Fr\u00e5n det han var sju \u00e5r spelade han fotboll, tennis, ishockey och innebandy. N\u00e4r han blev \u00e4ldre och varje idrott kr\u00e4vde \u00e4nnu mer satsning valde Markus innebandyn. Han hade b\u00f6rjat spela i Geneta Bk, som n\u00e5dde stora [&hellip;]<\/p>\n","protected":false},"author":1,"featured_media":0,"parent":14,"menu_order":20,"comment_status":"open","ping_status":"closed","template":"","meta":{"ngg_post_thumbnail":0,"footnotes":""},"class_list":["post-95","page","type-page","status-publish","hentry"],"_links":{"self":[{"href":"http:\/\/www.markuswargclou.se\/index.php?rest_route=\/wp\/v2\/pages\/95","targetHints":{"allow":["GET"]}}],"collection":[{"href":"http:\/\/www.markuswargclou.se\/index.php?rest_route=\/wp\/v2\/pages"}],"about":[{"href":"http:\/\/www.markuswargclou.se\/index.php?rest_route=\/wp\/v2\/types\/page"}],"author":[{"embeddable":true,"href":"http:\/\/www.markuswargclou.se\/index.php?rest_route=\/wp\/v2\/users\/1"}],"replies":[{"embeddable":true,"href":"http:\/\/www.markuswargclou.se\/index.php?rest_route=%2Fwp%2Fv2%2Fcomments&post=95"}],"version-history":[{"count":1,"href":"http:\/\/www.markuswargclou.se\/index.php?rest_route=\/wp\/v2\/pages\/95\/revisions"}],"predecessor-version":[{"id":96,"href":"http:\/\/www.markuswargclou.se\/index.php?rest_route=\/wp\/v2\/pages\/95\/revisions\/96"}],"up":[{"embeddable":true,"href":"http:\/\/www.markuswargclou.se\/index.php?rest_route=\/wp\/v2\/pages\/14"}],"wp:attachment":[{"href":"http:\/\/www.markuswargclou.se\/index.php?rest_route=%2Fwp%2Fv2%2Fmedia&parent=95"}],"curies":[{"name":"wp","href":"https:\/\/api.w.org\/{rel}","templated":true}]}}