{"id":88,"date":"2010-06-09T08:07:25","date_gmt":"2010-06-09T08:07:25","guid":{"rendered":"http:\/\/www.markuswargclou.se\/?page_id=88"},"modified":"2010-06-09T08:07:25","modified_gmt":"2010-06-09T08:07:25","slug":"frida-eldebrink-2008","status":"publish","type":"page","link":"http:\/\/www.markuswargclou.se\/?page_id=88","title":{"rendered":"Frida Eldebrink &#8211; 2008"},"content":{"rendered":"<p><span style=\"font-size: large;\"><strong>Frida  Eldebrink<\/strong><\/span><br \/>\n<br class=\"spacer_\" \/><br \/>\nMarkus Wargclous Minnesfond tilldelar <strong>Frida  Eldebrink, Elin Eldebrink, Louise  Halvarsson och Stefanie Yderstr\u00f6m<\/strong> ett stipendium p\u00e5 5\u00a0000 kr vardera  f\u00f6r att uppm\u00e4rksamma deras  fantastiska framg\u00e5ngar inom svensk dambasket.<br \/>\n<br class=\"spacer_\" \/><br \/>\nUnder U19-VM sommaren 2007 var tjejerna  med och  framf\u00f6rde U19-landslaget till den st\u00f6rsta framg\u00e5ngen inom svensk basket   n\u00e5gonsin. Efter en v\u00e4l genomf\u00f6rd turnering, s\u00e5 n\u00e5dde de \u00e4nda fram till  final  och sensationen var ett faktum. S\u00f6dert\u00e4ljetjejerna var alla med  och bidrog p\u00e5  ett avg\u00f6rande s\u00e4tt till VM-silver.<br \/>\n<br class=\"spacer_\" \/><br \/>\n\u00c4ven p\u00e5 klubbniv\u00e5 har dessa unga tjejer  en fantastisk  s\u00e4song bakom sig och de n\u00e5dde \u00e4nda fram till SM-silver.<br \/>\n<br class=\"spacer_\" \/><br \/>\nMarkus Wargclous Minnesfond \u00f6nskar er  lycka till med era  fortsatta idrottskarri\u00e4rer.<br \/>\n<br class=\"spacer_\" \/><br class=\"spacer_\" \/><\/p>\n","protected":false},"excerpt":{"rendered":"<p>Frida Eldebrink Markus Wargclous Minnesfond tilldelar Frida Eldebrink, Elin Eldebrink, Louise Halvarsson och Stefanie Yderstr\u00f6m ett stipendium p\u00e5 5\u00a0000 kr vardera f\u00f6r att uppm\u00e4rksamma deras fantastiska framg\u00e5ngar inom svensk dambasket. Under U19-VM sommaren 2007 var tjejerna med och framf\u00f6rde U19-landslaget till den st\u00f6rsta framg\u00e5ngen inom svensk basket n\u00e5gonsin. Efter en v\u00e4l genomf\u00f6rd turnering, s\u00e5 n\u00e5dde [&hellip;]<\/p>\n","protected":false},"author":1,"featured_media":0,"parent":14,"menu_order":17,"comment_status":"open","ping_status":"closed","template":"","meta":{"ngg_post_thumbnail":0,"footnotes":""},"class_list":["post-88","page","type-page","status-publish","hentry"],"_links":{"self":[{"href":"http:\/\/www.markuswargclou.se\/index.php?rest_route=\/wp\/v2\/pages\/88","targetHints":{"allow":["GET"]}}],"collection":[{"href":"http:\/\/www.markuswargclou.se\/index.php?rest_route=\/wp\/v2\/pages"}],"about":[{"href":"http:\/\/www.markuswargclou.se\/index.php?rest_route=\/wp\/v2\/types\/page"}],"author":[{"embeddable":true,"href":"http:\/\/www.markuswargclou.se\/index.php?rest_route=\/wp\/v2\/users\/1"}],"replies":[{"embeddable":true,"href":"http:\/\/www.markuswargclou.se\/index.php?rest_route=%2Fwp%2Fv2%2Fcomments&post=88"}],"version-history":[{"count":1,"href":"http:\/\/www.markuswargclou.se\/index.php?rest_route=\/wp\/v2\/pages\/88\/revisions"}],"predecessor-version":[{"id":89,"href":"http:\/\/www.markuswargclou.se\/index.php?rest_route=\/wp\/v2\/pages\/88\/revisions\/89"}],"up":[{"embeddable":true,"href":"http:\/\/www.markuswargclou.se\/index.php?rest_route=\/wp\/v2\/pages\/14"}],"wp:attachment":[{"href":"http:\/\/www.markuswargclou.se\/index.php?rest_route=%2Fwp%2Fv2%2Fmedia&parent=88"}],"curies":[{"name":"wp","href":"https:\/\/api.w.org\/{rel}","templated":true}]}}