{"id":81,"date":"2010-06-09T08:04:08","date_gmt":"2010-06-09T08:04:08","guid":{"rendered":"http:\/\/www.markuswargclou.se\/?page_id=81"},"modified":"2010-06-09T08:04:14","modified_gmt":"2010-06-09T08:04:14","slug":"ostertalje-mini-bois-2009","status":"publish","type":"page","link":"http:\/\/www.markuswargclou.se\/?page_id=81","title":{"rendered":"\u00d6stert\u00e4lje Mini Bois &#8211; 2009"},"content":{"rendered":"<p><span style=\"font-size: large;\"><strong>\u00d6stert\u00e4lje  Mini Bois<\/strong><\/span><br \/>\n<br class=\"spacer_\" \/><br \/>\nMarkus Wargclous Minnesfond tilldelar <strong>\u00d6stert\u00e4lje  Mini Bois<\/strong> ett stipendium p\u00e5  5\u00a0000 kr f\u00f6r att uppm\u00e4rksamma  denna verksamhet som grundats av engagerade  f\u00f6r\u00e4ldrar.<br \/>\n<br class=\"spacer_\" \/><br \/>\nVerksamheten best\u00e5r av 30st killar f\u00f6dda  02-04 som  tr\u00e4ffas en g\u00e5ng i veckan och spelar fotboll, innebandy eller leker.  Gruppen  har startats och drivs av ett flertal f\u00f6r\u00e4ldrar vars syfte med  detta \u00e4r att  barnen ska ges m\u00f6jlighet till att aktivera sig och  samtidigt ha roligt. Det h\u00e4r  gynnar barnens sociala utveckling eftersom  de f\u00e5r l\u00e4ra sig mycket om laganda  och samarbete.<br \/>\n<br class=\"spacer_\" \/><br \/>\nVi i Markus Wargclous Minnesfond hoppas  att \u00d6stert\u00e4lje  Mini Bois ska forts\u00e4tta med sin verksamhet en l\u00e5ng tid fram \u00f6ver  samt  att flera barn ska f\u00e5 denna m\u00f6jlighet att tr\u00e4ffas och ha roligt.<br \/>\n<br class=\"spacer_\" \/><br class=\"spacer_\" \/><\/p>\n","protected":false},"excerpt":{"rendered":"<p>\u00d6stert\u00e4lje Mini Bois Markus Wargclous Minnesfond tilldelar \u00d6stert\u00e4lje Mini Bois ett stipendium p\u00e5 5\u00a0000 kr f\u00f6r att uppm\u00e4rksamma denna verksamhet som grundats av engagerade f\u00f6r\u00e4ldrar. Verksamheten best\u00e5r av 30st killar f\u00f6dda 02-04 som tr\u00e4ffas en g\u00e5ng i veckan och spelar fotboll, innebandy eller leker. Gruppen har startats och drivs av ett flertal f\u00f6r\u00e4ldrar vars syfte [&hellip;]<\/p>\n","protected":false},"author":1,"featured_media":0,"parent":14,"menu_order":16,"comment_status":"open","ping_status":"closed","template":"","meta":{"ngg_post_thumbnail":0,"footnotes":""},"class_list":["post-81","page","type-page","status-publish","hentry"],"_links":{"self":[{"href":"http:\/\/www.markuswargclou.se\/index.php?rest_route=\/wp\/v2\/pages\/81","targetHints":{"allow":["GET"]}}],"collection":[{"href":"http:\/\/www.markuswargclou.se\/index.php?rest_route=\/wp\/v2\/pages"}],"about":[{"href":"http:\/\/www.markuswargclou.se\/index.php?rest_route=\/wp\/v2\/types\/page"}],"author":[{"embeddable":true,"href":"http:\/\/www.markuswargclou.se\/index.php?rest_route=\/wp\/v2\/users\/1"}],"replies":[{"embeddable":true,"href":"http:\/\/www.markuswargclou.se\/index.php?rest_route=%2Fwp%2Fv2%2Fcomments&post=81"}],"version-history":[{"count":2,"href":"http:\/\/www.markuswargclou.se\/index.php?rest_route=\/wp\/v2\/pages\/81\/revisions"}],"predecessor-version":[{"id":83,"href":"http:\/\/www.markuswargclou.se\/index.php?rest_route=\/wp\/v2\/pages\/81\/revisions\/83"}],"up":[{"embeddable":true,"href":"http:\/\/www.markuswargclou.se\/index.php?rest_route=\/wp\/v2\/pages\/14"}],"wp:attachment":[{"href":"http:\/\/www.markuswargclou.se\/index.php?rest_route=%2Fwp%2Fv2%2Fmedia&parent=81"}],"curies":[{"name":"wp","href":"https:\/\/api.w.org\/{rel}","templated":true}]}}