{"id":74,"date":"2010-06-09T07:58:46","date_gmt":"2010-06-09T07:58:46","guid":{"rendered":"http:\/\/www.markuswargclou.se\/?page_id=74"},"modified":"2010-06-09T08:00:38","modified_gmt":"2010-06-09T08:00:38","slug":"sodertalje-fotbollsdomarklubb-2009","status":"publish","type":"page","link":"http:\/\/www.markuswargclou.se\/?page_id=74","title":{"rendered":"S\u00f6dert\u00e4lje Fotbollsdomarklubb &#8211; 2009"},"content":{"rendered":"<p><span style=\"font-size: large;\"><strong>S\u00f6dert\u00e4lje Fotbollsdomarklubb<\/strong><\/span><br \/>\n<br class=\"spacer_\" \/><br \/>\nMarkus Wargclous Minnesfond tilldelar S\u00f6dert\u00e4lje fotbollsdomarklubb ett stipendium p\u00e5 5 000 kr f\u00f6r att uppm\u00e4rksamma deras framtida arbete med att utbilda unga domare.<br \/>\n<br class=\"spacer_\" \/><br \/>\nS\u00f6dert\u00e4lje fotbollsdomarklubb har startat en verksamhet vars inriktning \u00e4r att kontinuerligt utbilda ungdomar till att bli framtidens fotbollsdomare. Utbildningen ska st\u00e4rka dessa domares sj\u00e4lvf\u00f6rtroende, l\u00e4ra dom ledarskap samt etik och moral. Med denna satsning vill man \u00e4ven uppmuntra flera tjejer att v\u00e5ga satsa p\u00e5 domarrollen.<br \/>\n<br class=\"spacer_\" \/><br \/>\nMarkus Wargclous Minnesfond \u00f6nskar S\u00f6dert\u00e4lje fotbollsdomarklubb lycka till med denna viktiga satsning p\u00e5 unga lovande domare.<br \/>\n<br class=\"spacer_\" \/><br class=\"spacer_\" \/><\/p>\n","protected":false},"excerpt":{"rendered":"<p>S\u00f6dert\u00e4lje Fotbollsdomarklubb Markus Wargclous Minnesfond tilldelar S\u00f6dert\u00e4lje fotbollsdomarklubb ett stipendium p\u00e5 5 000 kr f\u00f6r att uppm\u00e4rksamma deras framtida arbete med att utbilda unga domare. S\u00f6dert\u00e4lje fotbollsdomarklubb har startat en verksamhet vars inriktning \u00e4r att kontinuerligt utbilda ungdomar till att bli framtidens fotbollsdomare. Utbildningen ska st\u00e4rka dessa domares sj\u00e4lvf\u00f6rtroende, l\u00e4ra dom ledarskap samt etik och [&hellip;]<\/p>\n","protected":false},"author":1,"featured_media":0,"parent":14,"menu_order":14,"comment_status":"open","ping_status":"closed","template":"","meta":{"ngg_post_thumbnail":0,"footnotes":""},"class_list":["post-74","page","type-page","status-publish","hentry"],"_links":{"self":[{"href":"http:\/\/www.markuswargclou.se\/index.php?rest_route=\/wp\/v2\/pages\/74","targetHints":{"allow":["GET"]}}],"collection":[{"href":"http:\/\/www.markuswargclou.se\/index.php?rest_route=\/wp\/v2\/pages"}],"about":[{"href":"http:\/\/www.markuswargclou.se\/index.php?rest_route=\/wp\/v2\/types\/page"}],"author":[{"embeddable":true,"href":"http:\/\/www.markuswargclou.se\/index.php?rest_route=\/wp\/v2\/users\/1"}],"replies":[{"embeddable":true,"href":"http:\/\/www.markuswargclou.se\/index.php?rest_route=%2Fwp%2Fv2%2Fcomments&post=74"}],"version-history":[{"count":4,"href":"http:\/\/www.markuswargclou.se\/index.php?rest_route=\/wp\/v2\/pages\/74\/revisions"}],"predecessor-version":[{"id":79,"href":"http:\/\/www.markuswargclou.se\/index.php?rest_route=\/wp\/v2\/pages\/74\/revisions\/79"}],"up":[{"embeddable":true,"href":"http:\/\/www.markuswargclou.se\/index.php?rest_route=\/wp\/v2\/pages\/14"}],"wp:attachment":[{"href":"http:\/\/www.markuswargclou.se\/index.php?rest_route=%2Fwp%2Fv2%2Fmedia&parent=74"}],"curies":[{"name":"wp","href":"https:\/\/api.w.org\/{rel}","templated":true}]}}