{"id":62,"date":"2010-06-08T17:05:01","date_gmt":"2010-06-08T17:05:01","guid":{"rendered":"http:\/\/markuswargclou.se\/?page_id=62"},"modified":"2010-06-09T07:53:53","modified_gmt":"2010-06-09T07:53:53","slug":"nykvarns-brottarforening","status":"publish","type":"page","link":"http:\/\/www.markuswargclou.se\/?page_id=62","title":{"rendered":"Nykvarns Brottarf\u00f6rening &#8211; 2010"},"content":{"rendered":"<p><span style=\"font-size: large;\"><strong>Nykvarns Brottarf\u00f6rening<\/strong><\/span><br \/>\n<br class=\"spacer_\" \/><br \/>\nMarkus Wargclous Minnesfond tilldelar Nykvarns Brottarf\u00f6rening ett stipendium p\u00e5 5 000 kr f\u00f6r att uppm\u00e4rksamma denna verksamhet som p\u00e5 en 10\u00e5rsperiod har vuxit till den st\u00f6rta brottarf\u00f6reningen i S\u00f6dermanland.<br \/>\n<br class=\"spacer_\" \/><br \/>\nVerksamheten best\u00e5r av 3st grupper med blandat killar och tjejer i olika \u00e5ldersindelningar. Dom minsta \u00e4r 5-7\u00e5r d\u00e4r det fokuseras p\u00e5 motorik, lek, grundl\u00e4ggande smidighet och teknik\u00f6vningar. Mellangruppen best\u00e5r av b\u00e5de nyb\u00f6rjare och mer erfarna brottare mellan 7-11\u00e5r d\u00e4r smidighet, styrka och tekniktr\u00e4ning \u00e4r viktiga ingredienser i tr\u00e4ningen. I \u00e4ldsta gruppen \u00e4r man 11\u00e5r och upp\u00e5t och d\u00e5 \u00e4r smidighet, styrka, kondition och tekniktr\u00e4ning de viktigaste momenten i tr\u00e4ningen. F\u00f6reningen har haft m\u00e5nga framg\u00e5ngar i cuper och turneringar b\u00e5de i Sverige och ute i Europa.<br \/>\n<br class=\"spacer_\" \/><br \/>\nMarkus Wargclous Minnesfond \u00f6nskar Nykvarns Brottarf\u00f6rening lycka till i framtiden och hoppas att de ska forts\u00e4tta med sin verksamhet en l\u00e5ng tid fram \u00f6ver, s\u00e5 att m\u00e5nga barn kan f\u00e5 denna m\u00f6jlighet att tr\u00e4ffas och ha roligt samtidigt som de utvecklas inom sin idrott.<br \/>\n<br class=\"spacer_\" \/><br class=\"spacer_\" \/><\/p>\n","protected":false},"excerpt":{"rendered":"<p>Nykvarns Brottarf\u00f6rening Markus Wargclous Minnesfond tilldelar Nykvarns Brottarf\u00f6rening ett stipendium p\u00e5 5 000 kr f\u00f6r att uppm\u00e4rksamma denna verksamhet som p\u00e5 en 10\u00e5rsperiod har vuxit till den st\u00f6rta brottarf\u00f6reningen i S\u00f6dermanland. Verksamheten best\u00e5r av 3st grupper med blandat killar och tjejer i olika \u00e5ldersindelningar. Dom minsta \u00e4r 5-7\u00e5r d\u00e4r det fokuseras p\u00e5 motorik, lek, grundl\u00e4ggande [&hellip;]<\/p>\n","protected":false},"author":1,"featured_media":0,"parent":14,"menu_order":12,"comment_status":"open","ping_status":"closed","template":"","meta":{"ngg_post_thumbnail":0,"footnotes":""},"class_list":["post-62","page","type-page","status-publish","hentry"],"_links":{"self":[{"href":"http:\/\/www.markuswargclou.se\/index.php?rest_route=\/wp\/v2\/pages\/62","targetHints":{"allow":["GET"]}}],"collection":[{"href":"http:\/\/www.markuswargclou.se\/index.php?rest_route=\/wp\/v2\/pages"}],"about":[{"href":"http:\/\/www.markuswargclou.se\/index.php?rest_route=\/wp\/v2\/types\/page"}],"author":[{"embeddable":true,"href":"http:\/\/www.markuswargclou.se\/index.php?rest_route=\/wp\/v2\/users\/1"}],"replies":[{"embeddable":true,"href":"http:\/\/www.markuswargclou.se\/index.php?rest_route=%2Fwp%2Fv2%2Fcomments&post=62"}],"version-history":[{"count":5,"href":"http:\/\/www.markuswargclou.se\/index.php?rest_route=\/wp\/v2\/pages\/62\/revisions"}],"predecessor-version":[{"id":70,"href":"http:\/\/www.markuswargclou.se\/index.php?rest_route=\/wp\/v2\/pages\/62\/revisions\/70"}],"up":[{"embeddable":true,"href":"http:\/\/www.markuswargclou.se\/index.php?rest_route=\/wp\/v2\/pages\/14"}],"wp:attachment":[{"href":"http:\/\/www.markuswargclou.se\/index.php?rest_route=%2Fwp%2Fv2%2Fmedia&parent=62"}],"curies":[{"name":"wp","href":"https:\/\/api.w.org\/{rel}","templated":true}]}}