{"id":364,"date":"2023-08-30T12:05:28","date_gmt":"2023-08-30T12:05:28","guid":{"rendered":"http:\/\/www.markuswargclou.se\/?page_id=364"},"modified":"2023-08-30T12:09:26","modified_gmt":"2023-08-30T12:09:26","slug":"elin-eldebrink-2-2","status":"publish","type":"page","link":"http:\/\/www.markuswargclou.se\/?page_id=364","title":{"rendered":"Petra Jacob &#8211; 2023"},"content":{"rendered":"<p><span style=\"font-size: large;\"><strong>Petra Jacob<\/strong><\/span><\/p>\n<p><span style=\"font-size: 12pt;\">Markus Wargclous Minnesfond tilldelar Petra Jacob, som verkar f\u00f6r&nbsp;Lebi Skol IF, ett stipendium p\u00e5 10&nbsp;000 kr.<\/span><br \/>\n<span style=\"font-size: 12pt;\"> Vi \u00e4r v\u00e4ldigt glada att Petra Jacob engagerar sig i och arbetar f\u00f6r att&nbsp;barn och ungdomar, i ett tidigt skede i livet, skall f\u00e5 en plattform som&nbsp;f\u00f6rebygger och fr\u00e4mjar ett positivt alternativ p\u00e5 livet; idrott, ledarskap&nbsp;och gemenskap.<\/span><\/p>\n<p>&nbsp;<\/p>\n<p><span style=\"font-size: 12pt;\">Genom engagemang, kreativitet och gemensamma resurser i n\u00e4romr\u00e5det,&nbsp;har Petra \u00e5stadkommit en ing\u00e5ng f\u00f6r flera hundra barn och ungdomar i&nbsp;utsatta omr\u00e5den i S\u00f6dert\u00e4lje. De har f\u00e5tt ut\u00f6va flera olika sporter som&nbsp;dessa barn och ungdomar annars inte skulle kommit i kontakt med.&nbsp;<\/span><\/p>\n<p>&nbsp;<\/p>\n<p><span style=\"font-size: 12pt;\">Det vill vi uppm\u00e4rksamma genom att tilldela dig, Petra Jacob, \u00e5rets&nbsp;stipendium f\u00f6r att m\u00f6jligg\u00f6ra ditt fortsatta arbete i Lebi Skol IF.<\/span><\/p>\n<p>&nbsp;<\/p>\n<p><span style=\"font-size: 12pt;\">Mats med familj, tillsammans med Markus Wargclous Minnesfond&nbsp;hoppas att detta stipendium kommer att bidra till din och f\u00f6reningens&nbsp;framtida utveckling.<\/span><\/p>\n<p>&nbsp;<\/p>\n<p><span style=\"font-size: 12pt;\">Vi \u00f6nskar dig stort lycka till i framtiden!<\/span><\/p>\n<p><br class=\"spacer_\"><br class=\"spacer_\"><\/p>\n","protected":false},"excerpt":{"rendered":"<p>Petra Jacob Markus Wargclous Minnesfond tilldelar Petra Jacob, som verkar f\u00f6r&nbsp;Lebi Skol IF, ett stipendium p\u00e5 10&nbsp;000 kr. Vi \u00e4r v\u00e4ldigt glada att Petra Jacob engagerar sig i och arbetar f\u00f6r att&nbsp;barn och ungdomar, i ett tidigt skede i livet, skall f\u00e5 en plattform som&nbsp;f\u00f6rebygger och fr\u00e4mjar ett positivt alternativ p\u00e5 livet; idrott, ledarskap&nbsp;och gemenskap. [&hellip;]<\/p>\n","protected":false},"author":1,"featured_media":0,"parent":14,"menu_order":0,"comment_status":"open","ping_status":"closed","template":"","meta":{"ngg_post_thumbnail":0,"footnotes":""},"class_list":["post-364","page","type-page","status-publish","hentry"],"_links":{"self":[{"href":"http:\/\/www.markuswargclou.se\/index.php?rest_route=\/wp\/v2\/pages\/364","targetHints":{"allow":["GET"]}}],"collection":[{"href":"http:\/\/www.markuswargclou.se\/index.php?rest_route=\/wp\/v2\/pages"}],"about":[{"href":"http:\/\/www.markuswargclou.se\/index.php?rest_route=\/wp\/v2\/types\/page"}],"author":[{"embeddable":true,"href":"http:\/\/www.markuswargclou.se\/index.php?rest_route=\/wp\/v2\/users\/1"}],"replies":[{"embeddable":true,"href":"http:\/\/www.markuswargclou.se\/index.php?rest_route=%2Fwp%2Fv2%2Fcomments&post=364"}],"version-history":[{"count":2,"href":"http:\/\/www.markuswargclou.se\/index.php?rest_route=\/wp\/v2\/pages\/364\/revisions"}],"predecessor-version":[{"id":369,"href":"http:\/\/www.markuswargclou.se\/index.php?rest_route=\/wp\/v2\/pages\/364\/revisions\/369"}],"up":[{"embeddable":true,"href":"http:\/\/www.markuswargclou.se\/index.php?rest_route=\/wp\/v2\/pages\/14"}],"wp:attachment":[{"href":"http:\/\/www.markuswargclou.se\/index.php?rest_route=%2Fwp%2Fv2%2Fmedia&parent=364"}],"curies":[{"name":"wp","href":"https:\/\/api.w.org\/{rel}","templated":true}]}}