{"id":361,"date":"2023-08-30T11:57:10","date_gmt":"2023-08-30T11:57:10","guid":{"rendered":"http:\/\/www.markuswargclou.se\/?page_id=361"},"modified":"2023-08-30T12:09:00","modified_gmt":"2023-08-30T12:09:00","slug":"elin-eldebrink-2","status":"publish","type":"page","link":"http:\/\/www.markuswargclou.se\/?page_id=361","title":{"rendered":"Miranda Tibbling &#8211; 2023"},"content":{"rendered":"<p><span style=\"font-size: large;\"><strong>Miranda Tibbling<\/strong><\/span><br \/>\n<br class=\"spacer_\"><span style=\"font-size: 12pt;\">Markus Wargclous Minnesfond tilldelar Miranda Tibbling ett&nbsp;stipendium p\u00e5 5 000 kr.<\/span><\/p>\n<p>&nbsp;<\/p>\n<p><span style=\"font-size: 12pt;\">Att fr\u00e5n en dag till en annan lyfta sporten Parkour till ett helt annan&nbsp;dimension. Att du i s\u00e5 ung \u00e5lder vinner VM \u2013 guld i speed, inspirerar&nbsp;och engagerar m\u00e5nga barn och ungdomar att g\u00f6ra det man tror p\u00e5.&nbsp;<\/span><\/p>\n<p>&nbsp;<\/p>\n<p><span style=\"font-size: 12pt;\">Du har redan sedan tidig \u00e5lder, 11 \u00e5r, m\u00e5lmedvetet ut\u00f6vat, tr\u00e4nat och&nbsp;utvecklats b\u00e5de som idrottare och m\u00e4nniska. Miranda upplevde inte&nbsp;bara idrotten som utmanande och fysiskt kr\u00e4vande utan d\u00e4r fanns en&nbsp;sammanh\u00e5llning och en gemenskap som bygger p\u00e5 att st\u00f6tta och&nbsp;utmana varandra att v\u00e5ga och tro p\u00e5 sig sj\u00e4lv.<\/span><\/p>\n<p>&nbsp;<\/p>\n<p><span style=\"font-size: 12pt;\">Du har genom din positivitet, ditt mod och din \u00f6ppenhet motiverat och&nbsp;inspirerat andra unga.&nbsp;<\/span><\/p>\n<p>&nbsp;<\/p>\n<p><span style=\"font-size: 12pt;\">Det vill vi uppm\u00e4rksamma genom att tilldela dig \u00e5rets stipendium.<\/span><\/p>\n<p>&nbsp;<\/p>\n<p><span style=\"font-size: 12pt;\">Mats med familj, tillsammans med Markus Wargclous Minnesfond&nbsp;hoppas att detta stipendium kommer att bidra till din och sporten&nbsp;Parkour framtida utveckling.<\/span><\/p>\n<p>&nbsp;<\/p>\n<p><span style=\"font-size: 12pt;\">Vi \u00f6nskar dig stort lycka till i framtiden!<\/span><br \/>\n<br class=\"spacer_\"><br class=\"spacer_\"><\/p>\n","protected":false},"excerpt":{"rendered":"<p>Miranda Tibbling Markus Wargclous Minnesfond tilldelar Miranda Tibbling ett&nbsp;stipendium p\u00e5 5 000 kr. &nbsp; Att fr\u00e5n en dag till en annan lyfta sporten Parkour till ett helt annan&nbsp;dimension. Att du i s\u00e5 ung \u00e5lder vinner VM \u2013 guld i speed, inspirerar&nbsp;och engagerar m\u00e5nga barn och ungdomar att g\u00f6ra det man tror p\u00e5.&nbsp; &nbsp; Du har [&hellip;]<\/p>\n","protected":false},"author":1,"featured_media":0,"parent":14,"menu_order":0,"comment_status":"open","ping_status":"closed","template":"","meta":{"ngg_post_thumbnail":0,"footnotes":""},"class_list":["post-361","page","type-page","status-publish","hentry"],"_links":{"self":[{"href":"http:\/\/www.markuswargclou.se\/index.php?rest_route=\/wp\/v2\/pages\/361","targetHints":{"allow":["GET"]}}],"collection":[{"href":"http:\/\/www.markuswargclou.se\/index.php?rest_route=\/wp\/v2\/pages"}],"about":[{"href":"http:\/\/www.markuswargclou.se\/index.php?rest_route=\/wp\/v2\/types\/page"}],"author":[{"embeddable":true,"href":"http:\/\/www.markuswargclou.se\/index.php?rest_route=\/wp\/v2\/users\/1"}],"replies":[{"embeddable":true,"href":"http:\/\/www.markuswargclou.se\/index.php?rest_route=%2Fwp%2Fv2%2Fcomments&post=361"}],"version-history":[{"count":3,"href":"http:\/\/www.markuswargclou.se\/index.php?rest_route=\/wp\/v2\/pages\/361\/revisions"}],"predecessor-version":[{"id":368,"href":"http:\/\/www.markuswargclou.se\/index.php?rest_route=\/wp\/v2\/pages\/361\/revisions\/368"}],"up":[{"embeddable":true,"href":"http:\/\/www.markuswargclou.se\/index.php?rest_route=\/wp\/v2\/pages\/14"}],"wp:attachment":[{"href":"http:\/\/www.markuswargclou.se\/index.php?rest_route=%2Fwp%2Fv2%2Fmedia&parent=361"}],"curies":[{"name":"wp","href":"https:\/\/api.w.org\/{rel}","templated":true}]}}