{"id":343,"date":"2019-09-13T07:17:22","date_gmt":"2019-09-13T07:17:22","guid":{"rendered":"http:\/\/www.markuswargclou.se\/?page_id=343"},"modified":"2019-09-13T07:24:39","modified_gmt":"2019-09-13T07:24:39","slug":"sodertalje-fk-2015-2-4","status":"publish","type":"page","link":"http:\/\/www.markuswargclou.se\/?page_id=343","title":{"rendered":"S\u00f6dert\u00e4lje Ridklubb &#8211; 2019"},"content":{"rendered":"<div><span style=\"font-family: georgia, palatino, serif; font-size: 12pt;\">Markus Wargclous Minnesfond tilldelar S\u00f6dert\u00e4lje Ridklubb ett stipendium p\u00e5 10&nbsp;000 kr.<\/span><\/div>\n<div><span style=\"font-family: georgia, palatino, serif; font-size: 12pt;\">&nbsp;<\/span><\/div>\n<p><span style=\"font-family: georgia, palatino, serif; font-size: 12pt;\">Markus Wargclous Minnesfond tilldelar S\u00f6dert\u00e4lje Ridklubb ett stipendium p\u00e5 10 000 kr.<\/span><\/p>\n<p><span style=\"font-family: georgia, palatino, serif; font-size: 12pt;\">Vi \u00e4r v\u00e4ldigt glada att S\u00f6der\u00e4lje Ridklubb \u00e4r en f\u00f6rening som jobbar med att f\u00e5 alla att k\u00e4nna sig lika v\u00e4rda oavsett om man \u00e4r nyb\u00f6rjare eller t\u00e4vlar p\u00e5 elitniv\u00e5.<\/span><\/p>\n<p><span style=\"font-family: georgia, palatino, serif; font-size: 12pt;\">Vi uppskattar \u00e4ven att klubben jobbar med flera v\u00e4rdeord som respekt, gemenskap, \u00f6ppenhet, s\u00e4kerhet och kunskap. Dessa v\u00e4rdeord ska vara sj\u00e4lvklara f\u00f6r alla i f\u00f6reningen, oavsett vilken funktion man har.<\/span><br \/>\n<span style=\"font-family: georgia, palatino, serif; font-size: 12pt;\"> Som ett bevis p\u00e5 att man jobbar efter dessa v\u00e4deord, s\u00e5 har man anst\u00e4llt en vuxen i stallet f\u00f6r att skapa trygghet och kamratskap.<\/span><\/p>\n<p><span style=\"font-family: georgia, palatino, serif; font-size: 12pt;\">S\u00f6dert\u00e4lje ridklubb \u00e4r en av Sveriges flitigaste t\u00e4vlingsarrang\u00f6rer och har samtidigt n\u00e5tt stora framg\u00e5ngar inom ridsporten.<\/span><\/p>\n<p>&nbsp;<\/p>\n<p><span style=\"font-family: georgia, palatino, serif; font-size: 12pt;\">Det vill vi uppm\u00e4rksamma genom att tilldela dem \u00e5rets stipendium.<\/span><\/p>\n<p><span style=\"font-family: georgia, palatino, serif; font-size: 12pt;\">Mats med familj, tillsammans med Markus Wargclous Minnesfond hoppas att detta stipendium kommer att bidra till f\u00f6reningens framtida utveckling.<\/span><br \/>\n&nbsp;<\/p>\n<p><span style=\"font-family: georgia, palatino, serif; font-size: 12pt;\"> Vi \u00f6nskar dem stort lycka till i framtiden!<\/span><\/p>\n","protected":false},"excerpt":{"rendered":"<p>Markus Wargclous Minnesfond tilldelar S\u00f6dert\u00e4lje Ridklubb ett stipendium p\u00e5 10&nbsp;000 kr. &nbsp; Markus Wargclous Minnesfond tilldelar S\u00f6dert\u00e4lje Ridklubb ett stipendium p\u00e5 10 000 kr. Vi \u00e4r v\u00e4ldigt glada att S\u00f6der\u00e4lje Ridklubb \u00e4r en f\u00f6rening som jobbar med att f\u00e5 alla att k\u00e4nna sig lika v\u00e4rda oavsett om man \u00e4r nyb\u00f6rjare eller t\u00e4vlar p\u00e5 elitniv\u00e5. Vi [&hellip;]<\/p>\n","protected":false},"author":1,"featured_media":0,"parent":14,"menu_order":1,"comment_status":"open","ping_status":"closed","template":"","meta":{"ngg_post_thumbnail":0,"footnotes":""},"class_list":["post-343","page","type-page","status-publish","hentry"],"_links":{"self":[{"href":"http:\/\/www.markuswargclou.se\/index.php?rest_route=\/wp\/v2\/pages\/343","targetHints":{"allow":["GET"]}}],"collection":[{"href":"http:\/\/www.markuswargclou.se\/index.php?rest_route=\/wp\/v2\/pages"}],"about":[{"href":"http:\/\/www.markuswargclou.se\/index.php?rest_route=\/wp\/v2\/types\/page"}],"author":[{"embeddable":true,"href":"http:\/\/www.markuswargclou.se\/index.php?rest_route=\/wp\/v2\/users\/1"}],"replies":[{"embeddable":true,"href":"http:\/\/www.markuswargclou.se\/index.php?rest_route=%2Fwp%2Fv2%2Fcomments&post=343"}],"version-history":[{"count":7,"href":"http:\/\/www.markuswargclou.se\/index.php?rest_route=\/wp\/v2\/pages\/343\/revisions"}],"predecessor-version":[{"id":351,"href":"http:\/\/www.markuswargclou.se\/index.php?rest_route=\/wp\/v2\/pages\/343\/revisions\/351"}],"up":[{"embeddable":true,"href":"http:\/\/www.markuswargclou.se\/index.php?rest_route=\/wp\/v2\/pages\/14"}],"wp:attachment":[{"href":"http:\/\/www.markuswargclou.se\/index.php?rest_route=%2Fwp%2Fv2%2Fmedia&parent=343"}],"curies":[{"name":"wp","href":"https:\/\/api.w.org\/{rel}","templated":true}]}}