{"id":328,"date":"2019-06-17T12:10:56","date_gmt":"2019-06-17T12:10:56","guid":{"rendered":"http:\/\/www.markuswargclou.se\/?page_id=328"},"modified":"2019-06-17T12:17:23","modified_gmt":"2019-06-17T12:17:23","slug":"sodertalje-fk-2015-2","status":"publish","type":"page","link":"http:\/\/www.markuswargclou.se\/?page_id=328","title":{"rendered":"S\u00f6dert\u00e4lje Sims\u00e4llskap (SSS) &#8211; 2017"},"content":{"rendered":"<p><span style=\"font-size: 12pt;\">Markus Wargclous Minnesfond tilldelar ungdomsversamheten i&nbsp;S\u00f6dert\u00e4lje Sims\u00e4llskap (SSS) ett stipendium p\u00e5 10&nbsp;000 kr.<\/span><\/p>\n<p>&nbsp;<\/p>\n<p><span style=\"font-size: 12pt;\">S\u00f6dert\u00e4lje Sims\u00e4llskaps ungdomar lyckades under f\u00f6rra \u00e5rets&nbsp;juniort\u00e4vlingar, men \u00e4ven ocks\u00e5 p\u00e5 seniorniv\u00e5 kamma hem m\u00e5nga&nbsp;<\/span><span style=\"font-size: 12pt;\">medaljer.&nbsp;Vi \u00e4r v\u00e4ldigt glada att S\u00f6dert\u00e4lje Sims\u00e4llskap \u00e4r en f\u00f6rening som jobbar&nbsp;med simidrott f\u00f6r alla oavsett \u00e5lder, k\u00f6n eller skicklighet. De jobbar&nbsp;\u00e4ven med omsorgsverksamhet f\u00f6r ungdomar med lindrig&nbsp;utvecklingsst\u00f6rning.<\/span><\/p>\n<p>&nbsp;<\/p>\n<p><span style=\"font-size: 12pt;\">S\u00f6dert\u00e4lje sims\u00e4llskap bedriver verksamhet inom grenarna simning,&nbsp;simhopp och \u00f6ppet vatten. Vi uppskattar \u00e4ven att klubben jobbar med&nbsp;<\/span><span style=\"font-size: 12pt;\">v\u00e4rdegrunderna \u201dAnsvar\u201d, \u201dRespekt\u201d och \u201dTrygghet\u201d som hj\u00e4lper dom i&nbsp;sin utveckling av ungdomarna i f\u00f6reningen.<\/span><\/p>\n<p>&nbsp;<\/p>\n<p><span style=\"font-size: 12pt;\">Det vill vi uppm\u00e4rksamma genom att tilldela dem \u00e5rets stipendium.<\/span><\/p>\n<p>&nbsp;<\/p>\n<p><span style=\"font-size: 12pt;\">Mats med familj, tillsammans med Markus Wargclous Minnesfond&nbsp;hoppas att detta stipendium kommer att bidra till f\u00f6reningens framtida<\/span><br \/>\n<span style=\"font-size: 12pt;\"> utveckling.<\/span><\/p>\n<p><span style=\"font-size: 12pt;\">Vi \u00f6nskar dem stort lycka till i framtiden!<\/span><\/p>\n","protected":false},"excerpt":{"rendered":"<p>Markus Wargclous Minnesfond tilldelar ungdomsversamheten i&nbsp;S\u00f6dert\u00e4lje Sims\u00e4llskap (SSS) ett stipendium p\u00e5 10&nbsp;000 kr. &nbsp; S\u00f6dert\u00e4lje Sims\u00e4llskaps ungdomar lyckades under f\u00f6rra \u00e5rets&nbsp;juniort\u00e4vlingar, men \u00e4ven ocks\u00e5 p\u00e5 seniorniv\u00e5 kamma hem m\u00e5nga&nbsp;medaljer.&nbsp;Vi \u00e4r v\u00e4ldigt glada att S\u00f6dert\u00e4lje Sims\u00e4llskap \u00e4r en f\u00f6rening som jobbar&nbsp;med simidrott f\u00f6r alla oavsett \u00e5lder, k\u00f6n eller skicklighet. De jobbar&nbsp;\u00e4ven med omsorgsverksamhet f\u00f6r ungdomar med [&hellip;]<\/p>\n","protected":false},"author":1,"featured_media":0,"parent":14,"menu_order":3,"comment_status":"open","ping_status":"closed","template":"","meta":{"ngg_post_thumbnail":0,"footnotes":""},"class_list":["post-328","page","type-page","status-publish","hentry"],"_links":{"self":[{"href":"http:\/\/www.markuswargclou.se\/index.php?rest_route=\/wp\/v2\/pages\/328","targetHints":{"allow":["GET"]}}],"collection":[{"href":"http:\/\/www.markuswargclou.se\/index.php?rest_route=\/wp\/v2\/pages"}],"about":[{"href":"http:\/\/www.markuswargclou.se\/index.php?rest_route=\/wp\/v2\/types\/page"}],"author":[{"embeddable":true,"href":"http:\/\/www.markuswargclou.se\/index.php?rest_route=\/wp\/v2\/users\/1"}],"replies":[{"embeddable":true,"href":"http:\/\/www.markuswargclou.se\/index.php?rest_route=%2Fwp%2Fv2%2Fcomments&post=328"}],"version-history":[{"count":3,"href":"http:\/\/www.markuswargclou.se\/index.php?rest_route=\/wp\/v2\/pages\/328\/revisions"}],"predecessor-version":[{"id":339,"href":"http:\/\/www.markuswargclou.se\/index.php?rest_route=\/wp\/v2\/pages\/328\/revisions\/339"}],"up":[{"embeddable":true,"href":"http:\/\/www.markuswargclou.se\/index.php?rest_route=\/wp\/v2\/pages\/14"}],"wp:attachment":[{"href":"http:\/\/www.markuswargclou.se\/index.php?rest_route=%2Fwp%2Fv2%2Fmedia&parent=328"}],"curies":[{"name":"wp","href":"https:\/\/api.w.org\/{rel}","templated":true}]}}