{"id":320,"date":"2017-04-20T07:50:29","date_gmt":"2017-04-20T07:50:29","guid":{"rendered":"http:\/\/www.markuswargclou.se\/?page_id=320"},"modified":"2023-08-30T12:03:19","modified_gmt":"2023-08-30T12:03:19","slug":"sodertalje-fk-2015-2-2","status":"publish","type":"page","link":"http:\/\/www.markuswargclou.se\/?page_id=320","title":{"rendered":"S\u00f6dert\u00e4lje-Nykvarn Orientering (SNO) &#8211; 2016"},"content":{"rendered":"<p><span style=\"font-size: 12pt;\">Markus Wargclous Minnesfond tilldelar S\u00f6dert\u00e4lje-Nykvarn Orientering (SNO) ett stipendium p\u00e5 10 000 kr.<\/span><\/p>\n<p>&nbsp;<\/p>\n<p><span style=\"font-size: 12pt;\">S\u00f6dert\u00e4lje-Nykvarn Orientering lyckades i \u00e5r ta hem vinsten av Tiomilastafetten med herrlaget, men \u00e4ven damlaget och det mixade ungdomslaget gjorde bra ifr\u00e5n sig. Herrstafetten vart otroligt sp\u00e4nnande och avgjordes inte f\u00f6rens p\u00e5 upploppet d\u00e4r Jonas Leandersson spurtade hem vinsten.<\/span><br \/>\n<span style=\"font-size: 12pt;\"> Vi \u00e4r v\u00e4ldigt glada att S\u00f6dert\u00e4lje och Nykvarn har en orienteringsf\u00f6rening som satsar p\u00e5 s\u00e5 v\u00e4l elit- samt ungdoms- och bredd-verksamhet. Vi uppskattar \u00e4ven att klubben skall forts\u00e4tta jobba med sin m\u00e5ls\u00e4ttning \u201den klubb f\u00f6r alla, gammal som ung\u201d.<\/span><\/p>\n<p>&nbsp;<\/p>\n<p><span style=\"font-size: 12pt;\">Det vill vi uppm\u00e4rksamma genom att tilldela dem \u00e5rets stipendium.<\/span><\/p>\n<p>&nbsp;<\/p>\n<p><span style=\"font-size: 12pt;\">Mats med familj, tillsammans med Markus Wargclous Minnesfond hoppas att detta stipendium kommer att bidra till f\u00f6reningens framtida utveckling.<\/span><br \/>\n<span style=\"font-size: 12pt;\"> Vi \u00f6nskar dem stort lycka till i framtiden!<\/span><\/p>\n<p>&nbsp;<\/p>\n<p>&nbsp;<\/p>\n","protected":false},"excerpt":{"rendered":"<p>Markus Wargclous Minnesfond tilldelar S\u00f6dert\u00e4lje-Nykvarn Orientering (SNO) ett stipendium p\u00e5 10 000 kr. &nbsp; S\u00f6dert\u00e4lje-Nykvarn Orientering lyckades i \u00e5r ta hem vinsten av Tiomilastafetten med herrlaget, men \u00e4ven damlaget och det mixade ungdomslaget gjorde bra ifr\u00e5n sig. Herrstafetten vart otroligt sp\u00e4nnande och avgjordes inte f\u00f6rens p\u00e5 upploppet d\u00e4r Jonas Leandersson spurtade hem vinsten. Vi \u00e4r [&hellip;]<\/p>\n","protected":false},"author":1,"featured_media":0,"parent":14,"menu_order":4,"comment_status":"open","ping_status":"closed","template":"","meta":{"ngg_post_thumbnail":0,"footnotes":""},"class_list":["post-320","page","type-page","status-publish","hentry"],"_links":{"self":[{"href":"http:\/\/www.markuswargclou.se\/index.php?rest_route=\/wp\/v2\/pages\/320","targetHints":{"allow":["GET"]}}],"collection":[{"href":"http:\/\/www.markuswargclou.se\/index.php?rest_route=\/wp\/v2\/pages"}],"about":[{"href":"http:\/\/www.markuswargclou.se\/index.php?rest_route=\/wp\/v2\/types\/page"}],"author":[{"embeddable":true,"href":"http:\/\/www.markuswargclou.se\/index.php?rest_route=\/wp\/v2\/users\/1"}],"replies":[{"embeddable":true,"href":"http:\/\/www.markuswargclou.se\/index.php?rest_route=%2Fwp%2Fv2%2Fcomments&post=320"}],"version-history":[{"count":5,"href":"http:\/\/www.markuswargclou.se\/index.php?rest_route=\/wp\/v2\/pages\/320\/revisions"}],"predecessor-version":[{"id":363,"href":"http:\/\/www.markuswargclou.se\/index.php?rest_route=\/wp\/v2\/pages\/320\/revisions\/363"}],"up":[{"embeddable":true,"href":"http:\/\/www.markuswargclou.se\/index.php?rest_route=\/wp\/v2\/pages\/14"}],"wp:attachment":[{"href":"http:\/\/www.markuswargclou.se\/index.php?rest_route=%2Fwp%2Fv2%2Fmedia&parent=320"}],"curies":[{"name":"wp","href":"https:\/\/api.w.org\/{rel}","templated":true}]}}