{"id":298,"date":"2016-02-10T09:47:57","date_gmt":"2016-02-10T09:47:57","guid":{"rendered":"http:\/\/www.markuswargclou.se\/?page_id=298"},"modified":"2016-02-10T09:55:59","modified_gmt":"2016-02-10T09:55:59","slug":"telge-sibk-dam-2014","status":"publish","type":"page","link":"http:\/\/www.markuswargclou.se\/?page_id=298","title":{"rendered":"Telge SIBK Dam &#8211; 2014"},"content":{"rendered":"<p><strong><span style=\"font-size: medium;\">Telge SIBK\u00b4s damlag<\/span><\/strong><\/p>\n<p><strong><span style=\"font-size: medium;\"><br \/>\n<\/span><\/strong><\/p>\n<p>Markus Wargclous Minnesfond tilldelar Telge SIBK\u00b4s damlag ett stipendium p\u00e5 10\u00a0000 kr.<\/p>\n<p>Telge SIBK\u00b4s damlag gick upp i h\u00f6gsta innebandyserien i v\u00e5ras. Det vill vi uppm\u00e4rksamma genom att tilldela dem \u00e5rets stipendium. Genom l\u00e5ngsiktig och nogrann planering har de n\u00e5tt sitt uppsatta m\u00e5l med mestadels egna produkter, utan att haft s\u00e5 stora medel. Vi \u00e4r v\u00e4ldigt glada att S\u00f6dert\u00e4lje som stad nu har f\u00e5tt ett damlag i h\u00f6gsta serien igen.<br \/>\nMats och Margareta med familj, tillsammans med Markus Wargclous Minnesfond hoppas att detta stipendium kommer att bidra till damlagets framtida innebandyframg\u00e5ngar.<br \/>\nVi \u00f6nskar dem stort lycka till i Svenska SuperLigan n\u00e4sta s\u00e4song!<\/p>\n","protected":false},"excerpt":{"rendered":"<p>Telge SIBK\u00b4s damlag Markus Wargclous Minnesfond tilldelar Telge SIBK\u00b4s damlag ett stipendium p\u00e5 10\u00a0000 kr. Telge SIBK\u00b4s damlag gick upp i h\u00f6gsta innebandyserien i v\u00e5ras. Det vill vi uppm\u00e4rksamma genom att tilldela dem \u00e5rets stipendium. Genom l\u00e5ngsiktig och nogrann planering har de n\u00e5tt sitt uppsatta m\u00e5l med mestadels egna produkter, utan att haft s\u00e5 stora [&hellip;]<\/p>\n","protected":false},"author":1,"featured_media":0,"parent":14,"menu_order":6,"comment_status":"open","ping_status":"closed","template":"","meta":{"ngg_post_thumbnail":0,"footnotes":""},"class_list":["post-298","page","type-page","status-publish","hentry"],"_links":{"self":[{"href":"http:\/\/www.markuswargclou.se\/index.php?rest_route=\/wp\/v2\/pages\/298","targetHints":{"allow":["GET"]}}],"collection":[{"href":"http:\/\/www.markuswargclou.se\/index.php?rest_route=\/wp\/v2\/pages"}],"about":[{"href":"http:\/\/www.markuswargclou.se\/index.php?rest_route=\/wp\/v2\/types\/page"}],"author":[{"embeddable":true,"href":"http:\/\/www.markuswargclou.se\/index.php?rest_route=\/wp\/v2\/users\/1"}],"replies":[{"embeddable":true,"href":"http:\/\/www.markuswargclou.se\/index.php?rest_route=%2Fwp%2Fv2%2Fcomments&post=298"}],"version-history":[{"count":9,"href":"http:\/\/www.markuswargclou.se\/index.php?rest_route=\/wp\/v2\/pages\/298\/revisions"}],"predecessor-version":[{"id":310,"href":"http:\/\/www.markuswargclou.se\/index.php?rest_route=\/wp\/v2\/pages\/298\/revisions\/310"}],"up":[{"embeddable":true,"href":"http:\/\/www.markuswargclou.se\/index.php?rest_route=\/wp\/v2\/pages\/14"}],"wp:attachment":[{"href":"http:\/\/www.markuswargclou.se\/index.php?rest_route=%2Fwp%2Fv2%2Fmedia&parent=298"}],"curies":[{"name":"wp","href":"https:\/\/api.w.org\/{rel}","templated":true}]}}