{"id":254,"date":"2012-05-29T06:28:31","date_gmt":"2012-05-29T06:28:31","guid":{"rendered":"http:\/\/www.markuswargclou.se\/?page_id=254"},"modified":"2012-05-29T07:22:22","modified_gmt":"2012-05-29T07:22:22","slug":"kjell-osth-jan-lennart-andersson-och-benny-johansson-2012","status":"publish","type":"page","link":"http:\/\/www.markuswargclou.se\/?page_id=254","title":{"rendered":"Kjell \u00d6sth, Jan-Lennart Andersson och Benny Johansson &#8211; 2012"},"content":{"rendered":"<p><strong><span style=\"font-size: large;\">Kjell \u00d6sth, Jan-Lennart Andersson och Benny Johansson<\/span><\/strong><\/p>\n<p><strong><span style=\"font-size: large;\"><br \/>\n <\/span><\/strong><\/p>\n<p>Markus Wargclous Minnesfond tilldelar Kjell \u00d6sth, Jan-Lennart Andersson och Benny Johansson ett stipendium p\u00e5 5 000 kr vardera f\u00f6r att uppm\u00e4rksamma deras enast\u00e5ende arbete inom basketen i S\u00f6dert\u00e4lje.<\/p>\n<p><br class=\"spacer_\" \/><\/p>\n<p>1968 startades S\u00f6dert\u00e4lje Basketboll Klubb. Dessa tre herrar har sedan dess varit den f\u00f6reningens ryggrad och f\u00f6rvandlat ett litet kompisg\u00e4ng till en stor f\u00f6rening med omfattande verksamhet. SBBK \u00e4r lika k\u00e4nt i S\u00f6dert\u00e4lje som i hela \u00f6vriga basketsverige f\u00f6r sin breda ungdomsverksamhet. Det \u00e4r fr\u00e4mst f\u00f6rm\u00e5gan att kombinera elit- och breddsatsning som g\u00f6r SBBK till den unika klubb man \u00e4r idag. De h\u00e4r herrarna \u00e4r riktiga eldsj\u00e4lar och \u00e4r utm\u00e4rkta ambassad\u00f6rer f\u00f6r S\u00f6dert\u00e4lje och dess idrottsverksamhet. De har genom sitt enorma arbete under alla \u00e5r, givit m\u00e5nga barn och ungdomar m\u00f6jlighet att fostras och utvecklas i en utm\u00e4rkt idrottsf\u00f6rening.<\/p>\n<p><br class=\"spacer_\" \/><\/p>\n<p>Markus Wargclous Minnesfond \u00f6nskar Kjell \u00d6sth, Jan-Lennart Andersson och Benny Johansson lycka till i framtiden och hoppas att de ska forts\u00e4tta med sitt fina jobb med b\u00e5de ungdoms- och seniorverksamheten inom basketen i S\u00f6dert\u00e4lje.<\/p>\n","protected":false},"excerpt":{"rendered":"<p>Kjell \u00d6sth, Jan-Lennart Andersson och Benny Johansson Markus Wargclous Minnesfond tilldelar Kjell \u00d6sth, Jan-Lennart Andersson och Benny Johansson ett stipendium p\u00e5 5 000 kr vardera f\u00f6r att uppm\u00e4rksamma deras enast\u00e5ende arbete inom basketen i S\u00f6dert\u00e4lje. 1968 startades S\u00f6dert\u00e4lje Basketboll Klubb. Dessa tre herrar har sedan dess varit den f\u00f6reningens ryggrad och f\u00f6rvandlat ett litet kompisg\u00e4ng [&hellip;]<\/p>\n","protected":false},"author":1,"featured_media":0,"parent":14,"menu_order":8,"comment_status":"open","ping_status":"closed","template":"","meta":{"ngg_post_thumbnail":0,"footnotes":""},"class_list":["post-254","page","type-page","status-publish","hentry"],"_links":{"self":[{"href":"http:\/\/www.markuswargclou.se\/index.php?rest_route=\/wp\/v2\/pages\/254","targetHints":{"allow":["GET"]}}],"collection":[{"href":"http:\/\/www.markuswargclou.se\/index.php?rest_route=\/wp\/v2\/pages"}],"about":[{"href":"http:\/\/www.markuswargclou.se\/index.php?rest_route=\/wp\/v2\/types\/page"}],"author":[{"embeddable":true,"href":"http:\/\/www.markuswargclou.se\/index.php?rest_route=\/wp\/v2\/users\/1"}],"replies":[{"embeddable":true,"href":"http:\/\/www.markuswargclou.se\/index.php?rest_route=%2Fwp%2Fv2%2Fcomments&post=254"}],"version-history":[{"count":7,"href":"http:\/\/www.markuswargclou.se\/index.php?rest_route=\/wp\/v2\/pages\/254\/revisions"}],"predecessor-version":[{"id":270,"href":"http:\/\/www.markuswargclou.se\/index.php?rest_route=\/wp\/v2\/pages\/254\/revisions\/270"}],"up":[{"embeddable":true,"href":"http:\/\/www.markuswargclou.se\/index.php?rest_route=\/wp\/v2\/pages\/14"}],"wp:attachment":[{"href":"http:\/\/www.markuswargclou.se\/index.php?rest_route=%2Fwp%2Fv2%2Fmedia&parent=254"}],"curies":[{"name":"wp","href":"https:\/\/api.w.org\/{rel}","templated":true}]}}