{"id":241,"date":"2011-05-23T17:07:00","date_gmt":"2011-05-23T17:07:00","guid":{"rendered":"http:\/\/www.markuswargclou.se\/?page_id=241"},"modified":"2011-05-23T17:14:42","modified_gmt":"2011-05-23T17:14:42","slug":"svenska-rullstolscurlingslandslaget-2011","status":"publish","type":"page","link":"http:\/\/www.markuswargclou.se\/?page_id=241","title":{"rendered":"Svenska Rullstolscurlingslandslaget &#8211; 2011"},"content":{"rendered":"<div id=\"_mcePaste\"><strong><span style=\"font-size: large;\">Svenska Rullstolscurlingslandslaget<\/span><\/strong><\/div>\n<div><strong><span style=\"font-size: large;\"> <\/span><\/strong><\/div>\n<p><br class=\"spacer_\" \/><\/p>\n<div>Markus Wargclous Minnesfond tilldelar Svenska rullstolscurlingslandslaget ett stipendium p\u00e5 5 000 kr f\u00f6r att uppm\u00e4rksamma deras enast\u00e5ende bragdbrons som de b\u00e4rgade hem i Vancouver under Paralympics 2010.<\/div>\n<p><br class=\"spacer_\" \/><\/p>\n<div id=\"_mcePaste\">Svenska rullstolscurlingslandslaget t\u00e4vlar till vardags f\u00f6r S\u00f6dert\u00e4lje CK. Laget best\u00e5r av: Jalle Jugnell, Patrik Burman, Anette Wilhelm, Patrik Kallin och Glenn Ikonen. F\u00f6rberedelserna inf\u00f6r Paralympics kunde inte vara s\u00e4mre d\u00e5 skippern Jalle Jugnell var tvungen att akut operera ryggen. I och med detta kunde laget inte tr\u00e4na tillsammans och d\u00e4rmed inte komma till t\u00e4vlingarna s\u00e5 v\u00e4l f\u00f6rberedda som de \u00f6nskat. Laget inledde m\u00e4sterskapet med tre raka f\u00f6rluster, men sedan kom v\u00e4ndningen. Kampen om semifinalplatsen avgjordes i tiebreak. Bronsmedaljen b\u00e4rgades i och med vinsten \u00f6ver USA med 7-5.<\/div>\n<p><br class=\"spacer_\" \/><\/p>\n<div id=\"_mcePaste\">Markus Wargclous Minnesfond \u00f6nskar Svenska rullstolscurlingslandslaget lycka till i framtiden och hoppas att de ska forts\u00e4tta med sina starka prestationer och att vara goda f\u00f6red\u00f6men inom sin idrott.<\/div>\n<div>Markus Wargclous Minnesfond tilldelar Svenska rullstolscurlingslandslaget ett stipendium p\u00e5 5 000 kr f\u00f6r att uppm\u00e4rksamma deras enast\u00e5ende bragdbrons som de b\u00e4rgade hem i Vancouver under Paralympics 2010.<\/div>\n<p><br class=\"spacer_\" \/><\/p>\n<div>Svenska rullstolscurlingslandslaget t\u00e4vlar till vardags f\u00f6r S\u00f6dert\u00e4lje CK. Laget best\u00e5r av: Jalle Jugnell, Patrik Burman, Anette Wilhelm, Patrik Kallin och Glenn Ikonen. F\u00f6rberedelserna inf\u00f6r Paralympics kunde inte vara s\u00e4mre d\u00e5 skippern Jalle Jugnell var tvungen att akut operera ryggen. I och med detta kunde laget inte tr\u00e4na tillsammans och d\u00e4rmed inte komma till t\u00e4vlingarna s\u00e5 v\u00e4l f\u00f6rberedda som de \u00f6nskat. Laget inledde m\u00e4sterskapet med tre raka f\u00f6rluster, men sedan kom v\u00e4ndningen. Kampen om semifinalplatsen avgjordes i tiebreak. Bronsmedaljen b\u00e4rgades i och med vinsten \u00f6ver USA med 7-5.<\/div>\n<p><br class=\"spacer_\" \/><\/p>\n<div>Markus Wargclous Minnesfond \u00f6nskar Svenska rullstolscurlingslandslaget lycka till i framtiden och hoppas att de ska forts\u00e4tta med sina starka prestationer och att vara goda f\u00f6red\u00f6men inom sin idrott.<\/div>\n<p><br class=\"spacer_\" \/><br class=\"spacer_\" \/><\/p>\n","protected":false},"excerpt":{"rendered":"<p>Svenska Rullstolscurlingslandslaget Markus Wargclous Minnesfond tilldelar Svenska rullstolscurlingslandslaget ett stipendium p\u00e5 5 000 kr f\u00f6r att uppm\u00e4rksamma deras enast\u00e5ende bragdbrons som de b\u00e4rgade hem i Vancouver under Paralympics 2010. Svenska rullstolscurlingslandslaget t\u00e4vlar till vardags f\u00f6r S\u00f6dert\u00e4lje CK. Laget best\u00e5r av: Jalle Jugnell, Patrik Burman, Anette Wilhelm, Patrik Kallin och Glenn Ikonen. F\u00f6rberedelserna inf\u00f6r Paralympics kunde [&hellip;]<\/p>\n","protected":false},"author":1,"featured_media":0,"parent":14,"menu_order":10,"comment_status":"open","ping_status":"closed","template":"","meta":{"ngg_post_thumbnail":0,"footnotes":""},"class_list":["post-241","page","type-page","status-publish","hentry"],"_links":{"self":[{"href":"http:\/\/www.markuswargclou.se\/index.php?rest_route=\/wp\/v2\/pages\/241","targetHints":{"allow":["GET"]}}],"collection":[{"href":"http:\/\/www.markuswargclou.se\/index.php?rest_route=\/wp\/v2\/pages"}],"about":[{"href":"http:\/\/www.markuswargclou.se\/index.php?rest_route=\/wp\/v2\/types\/page"}],"author":[{"embeddable":true,"href":"http:\/\/www.markuswargclou.se\/index.php?rest_route=\/wp\/v2\/users\/1"}],"replies":[{"embeddable":true,"href":"http:\/\/www.markuswargclou.se\/index.php?rest_route=%2Fwp%2Fv2%2Fcomments&post=241"}],"version-history":[{"count":8,"href":"http:\/\/www.markuswargclou.se\/index.php?rest_route=\/wp\/v2\/pages\/241\/revisions"}],"predecessor-version":[{"id":251,"href":"http:\/\/www.markuswargclou.se\/index.php?rest_route=\/wp\/v2\/pages\/241\/revisions\/251"}],"up":[{"embeddable":true,"href":"http:\/\/www.markuswargclou.se\/index.php?rest_route=\/wp\/v2\/pages\/14"}],"wp:attachment":[{"href":"http:\/\/www.markuswargclou.se\/index.php?rest_route=%2Fwp%2Fv2%2Fmedia&parent=241"}],"curies":[{"name":"wp","href":"https:\/\/api.w.org\/{rel}","templated":true}]}}