{"id":237,"date":"2011-05-23T17:04:49","date_gmt":"2011-05-23T17:04:49","guid":{"rendered":"http:\/\/www.markuswargclou.se\/?page_id=237"},"modified":"2011-05-23T17:05:45","modified_gmt":"2011-05-23T17:05:45","slug":"sodertalje-ibk-2011","status":"publish","type":"page","link":"http:\/\/www.markuswargclou.se\/?page_id=237","title":{"rendered":"S\u00f6dert\u00e4lje IBK &#8211; 2011"},"content":{"rendered":"<p><strong><span style=\"font-size: large;\">S\u00f6dert\u00e4lje IBK<\/span><\/strong><br \/>\n<br class=\"spacer_\" \/>Markus Wargclous Minnesfond tilldelar ungdomsverksamheten i S\u00f6dert\u00e4lje IBK ett stipendium p\u00e5 5 000 kr.<br \/>\n<br class=\"spacer_\" \/>Markus \u00e4lskade idrott. Fr\u00e5n det han var sju \u00e5r spelade han fotboll, tennis, ishockey och innebandy. N\u00e4r han blev \u00e4ldre och varje idrott kr\u00e4vde \u00e4nnu mer satsning valde Markus innebandyn. Han hade b\u00f6rjat spela i Geneta Bk, som n\u00e5dde stora framg\u00e5ngar. Markus ville forts\u00e4tta spela och siktade p\u00e5 Elitseriespel. S\u00f6dert\u00e4lje Rockets var det lag, som fick honom att utvecklas, som innebandyspelare. D\u00e4r fann han den kamratskap, som kom att betyda s\u00e5 mycket f\u00f6r honom b\u00e5de p\u00e5 och utanf\u00f6r bandyarenan.<br \/>\n<br class=\"spacer_\" \/>S\u00f6dert\u00e4lje IBK\u00b4s ungdomsverksamhet str\u00e4var efter att stimulera alla ungdomar med en rolig och utvecklande innebandy. F\u00f6r dom \u00e4r det viktigt att varje kille och tjej trivs och har roligt p\u00e5 och utanf\u00f6r planen.<br \/>\n<br class=\"spacer_\" \/>Vi i familjen vill att ungdomsverksamheten i S\u00f6dert\u00e4lje IBK \u00e5rligen skall erh\u00e5lla ett stipendium ur Markus Wargclous minnesfond.<br \/>\nMats och Margareta med familj, tillsammans med Markus Wargclous Minnesfond hoppas att detta stipendium kommer att bidra till ungdomarnas framtida innebandyutveckling.<br \/>\n<br class=\"spacer_\" \/><br class=\"spacer_\" \/><\/p>\n","protected":false},"excerpt":{"rendered":"<p>S\u00f6dert\u00e4lje IBK Markus Wargclous Minnesfond tilldelar ungdomsverksamheten i S\u00f6dert\u00e4lje IBK ett stipendium p\u00e5 5 000 kr. Markus \u00e4lskade idrott. Fr\u00e5n det han var sju \u00e5r spelade han fotboll, tennis, ishockey och innebandy. N\u00e4r han blev \u00e4ldre och varje idrott kr\u00e4vde \u00e4nnu mer satsning valde Markus innebandyn. Han hade b\u00f6rjat spela i Geneta Bk, som n\u00e5dde [&hellip;]<\/p>\n","protected":false},"author":1,"featured_media":0,"parent":14,"menu_order":11,"comment_status":"open","ping_status":"closed","template":"","meta":{"ngg_post_thumbnail":0,"footnotes":""},"class_list":["post-237","page","type-page","status-publish","hentry"],"_links":{"self":[{"href":"http:\/\/www.markuswargclou.se\/index.php?rest_route=\/wp\/v2\/pages\/237","targetHints":{"allow":["GET"]}}],"collection":[{"href":"http:\/\/www.markuswargclou.se\/index.php?rest_route=\/wp\/v2\/pages"}],"about":[{"href":"http:\/\/www.markuswargclou.se\/index.php?rest_route=\/wp\/v2\/types\/page"}],"author":[{"embeddable":true,"href":"http:\/\/www.markuswargclou.se\/index.php?rest_route=\/wp\/v2\/users\/1"}],"replies":[{"embeddable":true,"href":"http:\/\/www.markuswargclou.se\/index.php?rest_route=%2Fwp%2Fv2%2Fcomments&post=237"}],"version-history":[{"count":3,"href":"http:\/\/www.markuswargclou.se\/index.php?rest_route=\/wp\/v2\/pages\/237\/revisions"}],"predecessor-version":[{"id":240,"href":"http:\/\/www.markuswargclou.se\/index.php?rest_route=\/wp\/v2\/pages\/237\/revisions\/240"}],"up":[{"embeddable":true,"href":"http:\/\/www.markuswargclou.se\/index.php?rest_route=\/wp\/v2\/pages\/14"}],"wp:attachment":[{"href":"http:\/\/www.markuswargclou.se\/index.php?rest_route=%2Fwp%2Fv2%2Fmedia&parent=237"}],"curies":[{"name":"wp","href":"https:\/\/api.w.org\/{rel}","templated":true}]}}