{"id":168,"date":"2010-06-09T17:54:50","date_gmt":"2010-06-09T17:54:50","guid":{"rendered":"http:\/\/www.markuswargclou.se\/?page_id=168"},"modified":"2010-06-09T17:54:50","modified_gmt":"2010-06-09T17:54:50","slug":"telge-vikings-2003","status":"publish","type":"page","link":"http:\/\/www.markuswargclou.se\/?page_id=168","title":{"rendered":"Telge Vikings &#8211; 2003"},"content":{"rendered":"<p><span style=\"font-size: large;\"><strong>Telge  Vikings <\/strong><\/span><br \/>\n<br class=\"spacer_\" \/><br \/>\nMarkus Wargclous Minnesfond tilldelar Telge Vikings ett  stipendium p\u00e5 10\u00a0000 kr f\u00f6r att forts\u00e4tta bedriva sin viktiga  verksamhet. S\u00f6dert\u00e4lje Handikapp IF har som m\u00e5ls\u00e4ttning att erbjuda  m\u00e4nniskor med alla slags handikapp m\u00f6jlighet att idrotta, allt efter sin  f\u00f6rm\u00e5ga.<br \/>\n<br class=\"spacer_\" \/><br \/>\nRullstolsinnebandylaget, Telge Vikings, spelar i  Sverigeserien sedan 1997. Under \u00e5rens lopp har de tagit fyra SM-silver  och i \u00e5r, efter en lysande s\u00e4song, ett SM-guld.<br \/>\n<br class=\"spacer_\" \/><br \/>\nI och med SM-guldet hoppas vi p\u00e5 ett uppsving f\u00f6r  rullstolsinnebandyn och \u00f6nskar Telge Vikings lycka till i framtiden.<br \/>\n<br class=\"spacer_\" \/><br class=\"spacer_\" \/><\/p>\n","protected":false},"excerpt":{"rendered":"<p>Telge Vikings Markus Wargclous Minnesfond tilldelar Telge Vikings ett stipendium p\u00e5 10\u00a0000 kr f\u00f6r att forts\u00e4tta bedriva sin viktiga verksamhet. S\u00f6dert\u00e4lje Handikapp IF har som m\u00e5ls\u00e4ttning att erbjuda m\u00e4nniskor med alla slags handikapp m\u00f6jlighet att idrotta, allt efter sin f\u00f6rm\u00e5ga. Rullstolsinnebandylaget, Telge Vikings, spelar i Sverigeserien sedan 1997. Under \u00e5rens lopp har de tagit fyra [&hellip;]<\/p>\n","protected":false},"author":1,"featured_media":0,"parent":14,"menu_order":42,"comment_status":"open","ping_status":"closed","template":"","meta":{"ngg_post_thumbnail":0,"footnotes":""},"class_list":["post-168","page","type-page","status-publish","hentry"],"_links":{"self":[{"href":"http:\/\/www.markuswargclou.se\/index.php?rest_route=\/wp\/v2\/pages\/168","targetHints":{"allow":["GET"]}}],"collection":[{"href":"http:\/\/www.markuswargclou.se\/index.php?rest_route=\/wp\/v2\/pages"}],"about":[{"href":"http:\/\/www.markuswargclou.se\/index.php?rest_route=\/wp\/v2\/types\/page"}],"author":[{"embeddable":true,"href":"http:\/\/www.markuswargclou.se\/index.php?rest_route=\/wp\/v2\/users\/1"}],"replies":[{"embeddable":true,"href":"http:\/\/www.markuswargclou.se\/index.php?rest_route=%2Fwp%2Fv2%2Fcomments&post=168"}],"version-history":[{"count":1,"href":"http:\/\/www.markuswargclou.se\/index.php?rest_route=\/wp\/v2\/pages\/168\/revisions"}],"predecessor-version":[{"id":169,"href":"http:\/\/www.markuswargclou.se\/index.php?rest_route=\/wp\/v2\/pages\/168\/revisions\/169"}],"up":[{"embeddable":true,"href":"http:\/\/www.markuswargclou.se\/index.php?rest_route=\/wp\/v2\/pages\/14"}],"wp:attachment":[{"href":"http:\/\/www.markuswargclou.se\/index.php?rest_route=%2Fwp%2Fv2%2Fmedia&parent=168"}],"curies":[{"name":"wp","href":"https:\/\/api.w.org\/{rel}","templated":true}]}}