{"id":161,"date":"2010-06-09T17:52:08","date_gmt":"2010-06-09T17:52:08","guid":{"rendered":"http:\/\/www.markuswargclou.se\/?page_id=161"},"modified":"2010-06-09T17:52:08","modified_gmt":"2010-06-09T17:52:08","slug":"sodertalje-tb-rockets-2003","status":"publish","type":"page","link":"http:\/\/www.markuswargclou.se\/?page_id=161","title":{"rendered":"S\u00f6dert\u00e4lje TB ROCKETS &#8211; 2003"},"content":{"rendered":"<p><span style=\"font-size: large;\"><strong>S\u00f6dert\u00e4lje  TB ROCKETS <\/strong><\/span><br \/>\n<br class=\"spacer_\" \/><br \/>\nMarkus \u00e4lskade idrott. Fr\u00e5n det han var sju \u00e5r spelade han  fotboll, tennis, ishockey och innebandy. N\u00e4r han blev \u00e4ldre och varje  idrott kr\u00e4vde \u00e4nnu mer satsning valde Markus innebandyn. Han hade b\u00f6rjat  spela i Geneta Bk, som n\u00e5dde stora framg\u00e5ngar. Markus ville forts\u00e4tta  spela och siktade p\u00e5 Elitseriespel. S\u00f6dert\u00e4lje Rockets var det lag, som  fick honom att utvecklas, som innebandyspelare. D\u00e4r fann han den  kamratskap, som kom att betyda s\u00e5 mycket f\u00f6r honom b\u00e5de p\u00e5 och utanf\u00f6r  bandyarenan.<br \/>\n<br class=\"spacer_\" \/><br \/>\nS\u00f6dert\u00e4lje har genom m\u00e5lmedveten satsning uppn\u00e5tt mycket  fina resultat b\u00e5de vad det g\u00e4ller ungdomslag, dam och herrlag. Under  \u00e5ret som g\u00e5tt har damlaget vunnit Svenska Cupen och silver i SM.  Herrlaget har g\u00e5tt upp i Elitserien. Ungdomslagen har haft mycket fina  framg\u00e5ngar. Vi \u00e4r mycket glada f\u00f6r ungdomssatsningen som man g\u00f6r inom  f\u00f6reningen.<br \/>\n<br class=\"spacer_\" \/><br \/>\nVi i familjen vill att S\u00f6dert\u00e4lje tb Rockets \u00e5rligen  skall erh\u00e5lla ett stipendium ur Markus Wargclous minnesfond.<br \/>\nMats och Margareta med familj.<br \/>\n<br class=\"spacer_\" \/><br class=\"spacer_\" \/><\/p>\n","protected":false},"excerpt":{"rendered":"<p>S\u00f6dert\u00e4lje TB ROCKETS Markus \u00e4lskade idrott. Fr\u00e5n det han var sju \u00e5r spelade han fotboll, tennis, ishockey och innebandy. N\u00e4r han blev \u00e4ldre och varje idrott kr\u00e4vde \u00e4nnu mer satsning valde Markus innebandyn. Han hade b\u00f6rjat spela i Geneta Bk, som n\u00e5dde stora framg\u00e5ngar. Markus ville forts\u00e4tta spela och siktade p\u00e5 Elitseriespel. S\u00f6dert\u00e4lje Rockets var [&hellip;]<\/p>\n","protected":false},"author":1,"featured_media":0,"parent":14,"menu_order":40,"comment_status":"open","ping_status":"closed","template":"","meta":{"ngg_post_thumbnail":0,"footnotes":""},"class_list":["post-161","page","type-page","status-publish","hentry"],"_links":{"self":[{"href":"http:\/\/www.markuswargclou.se\/index.php?rest_route=\/wp\/v2\/pages\/161","targetHints":{"allow":["GET"]}}],"collection":[{"href":"http:\/\/www.markuswargclou.se\/index.php?rest_route=\/wp\/v2\/pages"}],"about":[{"href":"http:\/\/www.markuswargclou.se\/index.php?rest_route=\/wp\/v2\/types\/page"}],"author":[{"embeddable":true,"href":"http:\/\/www.markuswargclou.se\/index.php?rest_route=\/wp\/v2\/users\/1"}],"replies":[{"embeddable":true,"href":"http:\/\/www.markuswargclou.se\/index.php?rest_route=%2Fwp%2Fv2%2Fcomments&post=161"}],"version-history":[{"count":1,"href":"http:\/\/www.markuswargclou.se\/index.php?rest_route=\/wp\/v2\/pages\/161\/revisions"}],"predecessor-version":[{"id":162,"href":"http:\/\/www.markuswargclou.se\/index.php?rest_route=\/wp\/v2\/pages\/161\/revisions\/162"}],"up":[{"embeddable":true,"href":"http:\/\/www.markuswargclou.se\/index.php?rest_route=\/wp\/v2\/pages\/14"}],"wp:attachment":[{"href":"http:\/\/www.markuswargclou.se\/index.php?rest_route=%2Fwp%2Fv2%2Fmedia&parent=161"}],"curies":[{"name":"wp","href":"https:\/\/api.w.org\/{rel}","templated":true}]}}