{"id":158,"date":"2010-06-09T17:50:46","date_gmt":"2010-06-09T17:50:46","guid":{"rendered":"http:\/\/www.markuswargclou.se\/?page_id=158"},"modified":"2010-06-09T17:52:27","modified_gmt":"2010-06-09T17:52:27","slug":"assyriska-foreningens-fotbollsskola","status":"publish","type":"page","link":"http:\/\/www.markuswargclou.se\/?page_id=158","title":{"rendered":"Assyriska F\u00f6reningens Fotbollsskola &#8211; 2003"},"content":{"rendered":"<p><span style=\"font-size: large;\"><strong>Assyriska  F\u00f6reningens Fotbollsskola<\/strong><\/span><br \/>\n<br class=\"spacer_\" \/><br \/>\nMarkus Wargclous Minnesfond tilldelar Assyriska  F\u00f6reningens Fotbollsskola ett stipendium p\u00e5 10\u00a0000 kr f\u00f6r att kunna  bredda och utveckla sin verksamhet.<br \/>\n<br class=\"spacer_\" \/><br \/>\nDet viktigaste m\u00e5let f\u00f6r Assyriska F\u00f6reningens  ungdomsverksamhet \u00e4r att erbjuda alla barn och ungdomar, flickor och  pojkar, m\u00f6jlighet att delta i fotbollsr\u00f6relsen. Fotbollsskolan \u00e4r ett  led i denna m\u00e5ls\u00e4ttning.<br \/>\n<br class=\"spacer_\" \/><br \/>\nFotbollsskolan \u00e4r \u00f6ppen f\u00f6r alla flickor och pojkar i  \u00e5ldrarna 7 till 13 \u00e5r. Syftet med skolan \u00e4r att f\u00f6rb\u00e4ttra relationerna  mellan m\u00e4nniskor fr\u00e5n olika kulturer och att skapa naturliga  m\u00f6tesplatser f\u00f6r ungdomar med olika bakgrunder. Samtidigt vill  verksamheten v\u00e4cka fotbollsintresset hos barnen genom att ta tillvara p\u00e5  barns och ungdomars naturliga behov av r\u00f6relse d\u00e4r gl\u00e4dje, engagemang,  delaktighet, samverkan och f\u00f6rst\u00e5else f\u00f6r varandra \u00e4r utg\u00e5ngspunkten.<br \/>\n<br class=\"spacer_\" \/><br \/>\nV\u00e5r f\u00f6rhoppning \u00e4r att stipendiet kommer att hj\u00e4lpa  fler barn och ungdomar med olika kulturer att n\u00e5 en \u00f6kad f\u00f6rst\u00e5else i  idrottens tecken och \u00f6nskar er lycka till.<br \/>\n<br class=\"spacer_\" \/><br class=\"spacer_\" \/><\/p>\n","protected":false},"excerpt":{"rendered":"<p>Assyriska F\u00f6reningens Fotbollsskola Markus Wargclous Minnesfond tilldelar Assyriska F\u00f6reningens Fotbollsskola ett stipendium p\u00e5 10\u00a0000 kr f\u00f6r att kunna bredda och utveckla sin verksamhet. Det viktigaste m\u00e5let f\u00f6r Assyriska F\u00f6reningens ungdomsverksamhet \u00e4r att erbjuda alla barn och ungdomar, flickor och pojkar, m\u00f6jlighet att delta i fotbollsr\u00f6relsen. Fotbollsskolan \u00e4r ett led i denna m\u00e5ls\u00e4ttning. Fotbollsskolan \u00e4r \u00f6ppen [&hellip;]<\/p>\n","protected":false},"author":1,"featured_media":0,"parent":14,"menu_order":39,"comment_status":"open","ping_status":"closed","template":"","meta":{"ngg_post_thumbnail":0,"footnotes":""},"class_list":["post-158","page","type-page","status-publish","hentry"],"_links":{"self":[{"href":"http:\/\/www.markuswargclou.se\/index.php?rest_route=\/wp\/v2\/pages\/158","targetHints":{"allow":["GET"]}}],"collection":[{"href":"http:\/\/www.markuswargclou.se\/index.php?rest_route=\/wp\/v2\/pages"}],"about":[{"href":"http:\/\/www.markuswargclou.se\/index.php?rest_route=\/wp\/v2\/types\/page"}],"author":[{"embeddable":true,"href":"http:\/\/www.markuswargclou.se\/index.php?rest_route=\/wp\/v2\/users\/1"}],"replies":[{"embeddable":true,"href":"http:\/\/www.markuswargclou.se\/index.php?rest_route=%2Fwp%2Fv2%2Fcomments&post=158"}],"version-history":[{"count":2,"href":"http:\/\/www.markuswargclou.se\/index.php?rest_route=\/wp\/v2\/pages\/158\/revisions"}],"predecessor-version":[{"id":163,"href":"http:\/\/www.markuswargclou.se\/index.php?rest_route=\/wp\/v2\/pages\/158\/revisions\/163"}],"up":[{"embeddable":true,"href":"http:\/\/www.markuswargclou.se\/index.php?rest_route=\/wp\/v2\/pages\/14"}],"wp:attachment":[{"href":"http:\/\/www.markuswargclou.se\/index.php?rest_route=%2Fwp%2Fv2%2Fmedia&parent=158"}],"curies":[{"name":"wp","href":"https:\/\/api.w.org\/{rel}","templated":true}]}}