{"id":155,"date":"2010-06-09T17:49:32","date_gmt":"2010-06-09T17:49:32","guid":{"rendered":"http:\/\/www.markuswargclou.se\/?page_id=155"},"modified":"2010-06-09T17:49:32","modified_gmt":"2010-06-09T17:49:32","slug":"nykvarns-sk-f90-2004","status":"publish","type":"page","link":"http:\/\/www.markuswargclou.se\/?page_id=155","title":{"rendered":"Nykvarns SK F90 &#8211; 2004"},"content":{"rendered":"<p><span style=\"font-size: large;\"><strong>Nykvarns SK  F90<\/strong><\/span><br \/>\n<br class=\"spacer_\" \/><br \/>\nMarcus Wargclous minnesfond tilldelar NSK F90 ett  stipendium p\u00e5 10\u00a0000kr f\u00f6r att premiera den positiva laganda som laget  har haft sedan det bildades, d\u00e4r sammanh\u00e5llning g\u00e5r f\u00f6re resultat.                  Laget har spelat fotboll tillsammans sedan sju \u00e5rs \u00e5lder  och de har haft en mycket fin sammanh\u00e5llning och lagk\u00e4nsla. Flickorna  har en mycket h\u00f6g n\u00e4rvaro b\u00e5de p\u00e5 matcher och tr\u00e4ningar.<br \/>\nFlickorna f\u00e5r ocks\u00e5 ett stort st\u00f6d fr\u00e5n sina f\u00f6r\u00e4ldrar,  som \u00e4r mycket positivt engagerade. De hj\u00e4lper till med det mesta och det  \u00e4r en f\u00f6ruts\u00e4ttning f\u00f6r att flickorna skall kunna ut\u00f6va sin idrott.<br \/>\n<br class=\"spacer_\" \/><br \/>\nNykvarn SK har alltid haft en bra ungdomssatsning och  det \u00e4r med gl\u00e4dje som minnesfonden tilldelar deras F 90-lag detta bidrag  till lagkassan och hoppas att det kan uppmuntra flickorna till att  bibeh\u00e5lla deras laganda b\u00e5de p\u00e5 och utanf\u00f6r plan.<br \/>\n<br class=\"spacer_\" \/><br class=\"spacer_\" \/><\/p>\n","protected":false},"excerpt":{"rendered":"<p>Nykvarns SK F90 Marcus Wargclous minnesfond tilldelar NSK F90 ett stipendium p\u00e5 10\u00a0000kr f\u00f6r att premiera den positiva laganda som laget har haft sedan det bildades, d\u00e4r sammanh\u00e5llning g\u00e5r f\u00f6re resultat. Laget har spelat fotboll tillsammans sedan sju \u00e5rs \u00e5lder och de har haft en mycket fin sammanh\u00e5llning och lagk\u00e4nsla. Flickorna har en mycket h\u00f6g [&hellip;]<\/p>\n","protected":false},"author":1,"featured_media":0,"parent":14,"menu_order":38,"comment_status":"open","ping_status":"closed","template":"","meta":{"ngg_post_thumbnail":0,"footnotes":""},"class_list":["post-155","page","type-page","status-publish","hentry"],"_links":{"self":[{"href":"http:\/\/www.markuswargclou.se\/index.php?rest_route=\/wp\/v2\/pages\/155","targetHints":{"allow":["GET"]}}],"collection":[{"href":"http:\/\/www.markuswargclou.se\/index.php?rest_route=\/wp\/v2\/pages"}],"about":[{"href":"http:\/\/www.markuswargclou.se\/index.php?rest_route=\/wp\/v2\/types\/page"}],"author":[{"embeddable":true,"href":"http:\/\/www.markuswargclou.se\/index.php?rest_route=\/wp\/v2\/users\/1"}],"replies":[{"embeddable":true,"href":"http:\/\/www.markuswargclou.se\/index.php?rest_route=%2Fwp%2Fv2%2Fcomments&post=155"}],"version-history":[{"count":1,"href":"http:\/\/www.markuswargclou.se\/index.php?rest_route=\/wp\/v2\/pages\/155\/revisions"}],"predecessor-version":[{"id":156,"href":"http:\/\/www.markuswargclou.se\/index.php?rest_route=\/wp\/v2\/pages\/155\/revisions\/156"}],"up":[{"embeddable":true,"href":"http:\/\/www.markuswargclou.se\/index.php?rest_route=\/wp\/v2\/pages\/14"}],"wp:attachment":[{"href":"http:\/\/www.markuswargclou.se\/index.php?rest_route=%2Fwp%2Fv2%2Fmedia&parent=155"}],"curies":[{"name":"wp","href":"https:\/\/api.w.org\/{rel}","templated":true}]}}