{"id":146,"date":"2010-06-09T17:45:44","date_gmt":"2010-06-09T17:45:44","guid":{"rendered":"http:\/\/www.markuswargclou.se\/?page_id=146"},"modified":"2010-06-09T17:45:44","modified_gmt":"2010-06-09T17:45:44","slug":"anna-lampinen-2004","status":"publish","type":"page","link":"http:\/\/www.markuswargclou.se\/?page_id=146","title":{"rendered":"Anna Lampinen &#8211; 2004"},"content":{"rendered":"<p><span style=\"font-size: large;\"><strong>Anna  Lampinen<\/strong><\/span><br \/>\n<br class=\"spacer_\" \/><br \/>\nMarkus Wargclous Minnesfond tilldelar Anna  Lampinen ett stipendium p\u00e5 10\u00a0000 kr f\u00f6r att kunna tr\u00e4na och etablera  sig i senioreliten i orientering, samtidigt som hon studerar p\u00e5 h\u00f6g  niv\u00e5.                  Intresset f\u00f6r sin sport har funnits mycket l\u00e4nge och \u00e4r  nu en del i hennes livsstil. Gl\u00e4djen att r\u00f6ra sig i naturen,  kamratskapen och att utmana sig sj\u00e4lv \u00e4r den st\u00f6rsta drivkraften. Anna har gedigna meriter som junior. Bl.a. ett J-VM  guld, ett silver och ett brons i stafett. Guldmedalj p\u00e5 kortdistans i  Nordiska M\u00e4sterskapen under 2003 och p\u00e5 junior SM har hon inte mindre \u00e4n  8 guld, 2 silver och 2 brons. Det viktigaste m\u00e5let f\u00f6r Anna har i \u00e5r varit att ta  steget och etablera sig som senior. Detta samtidigt som hon studerar  120p Innovation och design i S\u00f6dert\u00e4lje. V\u00e5r f\u00f6rhoppning \u00e4r att stipendiet kommer att uppmuntra  och motivera Anna att forts\u00e4tta sin ambiti\u00f6sa satsning. Detta f\u00f6r att n\u00e5  den absoluta eliten i Sverige inom sin sport, orientering.<br \/>\n<br class=\"spacer_\" \/><br \/>\nMarkus Wargclous Minnesfond \u00f6nskar dig lycka till i din  fortsatta utvecklig.<br \/>\n<br class=\"spacer_\" \/><br class=\"spacer_\" \/><\/p>\n","protected":false},"excerpt":{"rendered":"<p>Anna Lampinen Markus Wargclous Minnesfond tilldelar Anna Lampinen ett stipendium p\u00e5 10\u00a0000 kr f\u00f6r att kunna tr\u00e4na och etablera sig i senioreliten i orientering, samtidigt som hon studerar p\u00e5 h\u00f6g niv\u00e5. Intresset f\u00f6r sin sport har funnits mycket l\u00e4nge och \u00e4r nu en del i hennes livsstil. Gl\u00e4djen att r\u00f6ra sig i naturen, kamratskapen och [&hellip;]<\/p>\n","protected":false},"author":1,"featured_media":0,"parent":14,"menu_order":35,"comment_status":"open","ping_status":"closed","template":"","meta":{"ngg_post_thumbnail":0,"footnotes":""},"class_list":["post-146","page","type-page","status-publish","hentry"],"_links":{"self":[{"href":"http:\/\/www.markuswargclou.se\/index.php?rest_route=\/wp\/v2\/pages\/146","targetHints":{"allow":["GET"]}}],"collection":[{"href":"http:\/\/www.markuswargclou.se\/index.php?rest_route=\/wp\/v2\/pages"}],"about":[{"href":"http:\/\/www.markuswargclou.se\/index.php?rest_route=\/wp\/v2\/types\/page"}],"author":[{"embeddable":true,"href":"http:\/\/www.markuswargclou.se\/index.php?rest_route=\/wp\/v2\/users\/1"}],"replies":[{"embeddable":true,"href":"http:\/\/www.markuswargclou.se\/index.php?rest_route=%2Fwp%2Fv2%2Fcomments&post=146"}],"version-history":[{"count":1,"href":"http:\/\/www.markuswargclou.se\/index.php?rest_route=\/wp\/v2\/pages\/146\/revisions"}],"predecessor-version":[{"id":147,"href":"http:\/\/www.markuswargclou.se\/index.php?rest_route=\/wp\/v2\/pages\/146\/revisions\/147"}],"up":[{"embeddable":true,"href":"http:\/\/www.markuswargclou.se\/index.php?rest_route=\/wp\/v2\/pages\/14"}],"wp:attachment":[{"href":"http:\/\/www.markuswargclou.se\/index.php?rest_route=%2Fwp%2Fv2%2Fmedia&parent=146"}],"curies":[{"name":"wp","href":"https:\/\/api.w.org\/{rel}","templated":true}]}}