{"id":143,"date":"2010-06-09T17:44:19","date_gmt":"2010-06-09T17:44:19","guid":{"rendered":"http:\/\/www.markuswargclou.se\/?page_id=143"},"modified":"2010-06-09T17:44:19","modified_gmt":"2010-06-09T17:44:19","slug":"truppgymnastiken-i-sodertalje-gymnastik-och-simforening-2005","status":"publish","type":"page","link":"http:\/\/www.markuswargclou.se\/?page_id=143","title":{"rendered":"Truppgymnastiken i S\u00f6dert\u00e4lje Gymnastik och Simf\u00f6rening &#8211; 2005"},"content":{"rendered":"<p><span style=\"font-size: large;\"><strong>Truppgymnastiken  i S\u00f6dert\u00e4lje Gymnastik och Simf\u00f6rening<\/strong><\/span><br \/>\n<br class=\"spacer_\" \/><br \/>\nMarkus Wargclous Minnesfond tilldelar  Truppgymnastiken i S\u00f6dert\u00e4lje Gymnastik och Simf\u00f6rening ett stipendium  p\u00e5 10\u00a0000 kr f\u00f6r att uppm\u00e4rksamma deras fantastiska insats i riksfinalen  f\u00f6r truppgymnastik, d\u00e4r de tog silvermedaljen.<br \/>\nTruppen best\u00e5r av tjejer fr\u00e5n S\u00f6dert\u00e4lje och Nykvarn i  \u00e5ldrarna 15-20 \u00e5r. Genom sin otroliga laginsats, d\u00e4r de \u00e4ven klarade av  att spr\u00e4nga den egna mentala barri\u00e4ren, gjorde dem sitt b\u00e4sta  framtr\u00e4dande n\u00e5gonsin. Detta ledde till en silvermedalj i riksfinalen  trots stenh\u00e5rd konkurrens och l\u00e5ng ifr\u00e5n favorittippade.<br \/>\n<br class=\"spacer_\" \/><br \/>\nVi hoppas att ni i samma laganda kommer att n\u00e5 flera  framg\u00e5ngar och att det kommer att locka fler ungdomar till er sport.  Grattis till silvermedaljen och lycka till i framtiden.<br \/>\nMarkus Wargclous Minnesfond.<br \/>\n<br class=\"spacer_\" \/><br class=\"spacer_\" \/><\/p>\n","protected":false},"excerpt":{"rendered":"<p>Truppgymnastiken i S\u00f6dert\u00e4lje Gymnastik och Simf\u00f6rening Markus Wargclous Minnesfond tilldelar Truppgymnastiken i S\u00f6dert\u00e4lje Gymnastik och Simf\u00f6rening ett stipendium p\u00e5 10\u00a0000 kr f\u00f6r att uppm\u00e4rksamma deras fantastiska insats i riksfinalen f\u00f6r truppgymnastik, d\u00e4r de tog silvermedaljen. Truppen best\u00e5r av tjejer fr\u00e5n S\u00f6dert\u00e4lje och Nykvarn i \u00e5ldrarna 15-20 \u00e5r. Genom sin otroliga laginsats, d\u00e4r de \u00e4ven klarade [&hellip;]<\/p>\n","protected":false},"author":1,"featured_media":0,"parent":14,"menu_order":34,"comment_status":"open","ping_status":"closed","template":"","meta":{"ngg_post_thumbnail":0,"footnotes":""},"class_list":["post-143","page","type-page","status-publish","hentry"],"_links":{"self":[{"href":"http:\/\/www.markuswargclou.se\/index.php?rest_route=\/wp\/v2\/pages\/143","targetHints":{"allow":["GET"]}}],"collection":[{"href":"http:\/\/www.markuswargclou.se\/index.php?rest_route=\/wp\/v2\/pages"}],"about":[{"href":"http:\/\/www.markuswargclou.se\/index.php?rest_route=\/wp\/v2\/types\/page"}],"author":[{"embeddable":true,"href":"http:\/\/www.markuswargclou.se\/index.php?rest_route=\/wp\/v2\/users\/1"}],"replies":[{"embeddable":true,"href":"http:\/\/www.markuswargclou.se\/index.php?rest_route=%2Fwp%2Fv2%2Fcomments&post=143"}],"version-history":[{"count":1,"href":"http:\/\/www.markuswargclou.se\/index.php?rest_route=\/wp\/v2\/pages\/143\/revisions"}],"predecessor-version":[{"id":144,"href":"http:\/\/www.markuswargclou.se\/index.php?rest_route=\/wp\/v2\/pages\/143\/revisions\/144"}],"up":[{"embeddable":true,"href":"http:\/\/www.markuswargclou.se\/index.php?rest_route=\/wp\/v2\/pages\/14"}],"wp:attachment":[{"href":"http:\/\/www.markuswargclou.se\/index.php?rest_route=%2Fwp%2Fv2%2Fmedia&parent=143"}],"curies":[{"name":"wp","href":"https:\/\/api.w.org\/{rel}","templated":true}]}}