{"id":140,"date":"2010-06-09T17:43:00","date_gmt":"2010-06-09T17:43:00","guid":{"rendered":"http:\/\/www.markuswargclou.se\/?page_id=140"},"modified":"2010-06-09T17:43:00","modified_gmt":"2010-06-09T17:43:00","slug":"sodertalje-basketbollklubb-2005","status":"publish","type":"page","link":"http:\/\/www.markuswargclou.se\/?page_id=140","title":{"rendered":"S\u00f6dert\u00e4lje Basketbollklubb &#8211; 2005"},"content":{"rendered":"<p><span style=\"font-size: large;\"><strong>S\u00f6dert\u00e4lje  Basketbollklubb <\/strong><\/span><br \/>\n<br class=\"spacer_\" \/><br \/>\nMarkus Wargclous Minnesfond tilldelar  S\u00f6dert\u00e4lje Basketbollklubb ett stipendium p\u00e5 10\u00a0000 kr f\u00f6r att  uppm\u00e4rksamma den ungdomssatsning som f\u00f6reningen under m\u00e5nga \u00e5r har  bedrivit.<br \/>\nS\u00f6dert\u00e4lje Basketbollklubb har sedan 1968 bedrivit  basketverksamhet i S\u00f6dert\u00e4lje. Under den tiden har f\u00f6reningen v\u00e4xt till  en beundransv\u00e4rd organisation som har tagit ett enormt ansvar f\u00f6r sin  sport och \u00e4r respekterad av hela basketsverige.<br \/>\n<br class=\"spacer_\" \/><br \/>\nF\u00f6reningen har under m\u00e5nga \u00e5r bedrivit en imponerande  satsning f\u00f6r alla de ungdomar som vill spela basket, b\u00e5de elit- och  breddverksamheten. Detta kan bland annat reflekteras i SBBKs herrlag,  som i \u00e5r vann SM-guldet med en spelartrupp best\u00e5ende av nio egna  produkter, uppfostrade i klubben fr\u00e5n breddverksamhet till dagens  elitlag.<br \/>\nVi hoppas att S\u00f6dert\u00e4lje Basketbollklubb under en l\u00e5ng  tid fram\u00f6ver kommer att klara av den unika kombinationen av satsning p\u00e5  breddverksamhet tillsammans med elitverksamhet.<br \/>\n<br class=\"spacer_\" \/><br \/>\nGrattis till SM-guldet och lycka till i forts\u00e4ttningen.<br \/>\nMarkus Wargclous Minnesfond.<br \/>\n<br class=\"spacer_\" \/><br class=\"spacer_\" \/><\/p>\n","protected":false},"excerpt":{"rendered":"<p>S\u00f6dert\u00e4lje Basketbollklubb Markus Wargclous Minnesfond tilldelar S\u00f6dert\u00e4lje Basketbollklubb ett stipendium p\u00e5 10\u00a0000 kr f\u00f6r att uppm\u00e4rksamma den ungdomssatsning som f\u00f6reningen under m\u00e5nga \u00e5r har bedrivit. S\u00f6dert\u00e4lje Basketbollklubb har sedan 1968 bedrivit basketverksamhet i S\u00f6dert\u00e4lje. Under den tiden har f\u00f6reningen v\u00e4xt till en beundransv\u00e4rd organisation som har tagit ett enormt ansvar f\u00f6r sin sport och \u00e4r [&hellip;]<\/p>\n","protected":false},"author":1,"featured_media":0,"parent":14,"menu_order":33,"comment_status":"open","ping_status":"closed","template":"","meta":{"ngg_post_thumbnail":0,"footnotes":""},"class_list":["post-140","page","type-page","status-publish","hentry"],"_links":{"self":[{"href":"http:\/\/www.markuswargclou.se\/index.php?rest_route=\/wp\/v2\/pages\/140","targetHints":{"allow":["GET"]}}],"collection":[{"href":"http:\/\/www.markuswargclou.se\/index.php?rest_route=\/wp\/v2\/pages"}],"about":[{"href":"http:\/\/www.markuswargclou.se\/index.php?rest_route=\/wp\/v2\/types\/page"}],"author":[{"embeddable":true,"href":"http:\/\/www.markuswargclou.se\/index.php?rest_route=\/wp\/v2\/users\/1"}],"replies":[{"embeddable":true,"href":"http:\/\/www.markuswargclou.se\/index.php?rest_route=%2Fwp%2Fv2%2Fcomments&post=140"}],"version-history":[{"count":1,"href":"http:\/\/www.markuswargclou.se\/index.php?rest_route=\/wp\/v2\/pages\/140\/revisions"}],"predecessor-version":[{"id":141,"href":"http:\/\/www.markuswargclou.se\/index.php?rest_route=\/wp\/v2\/pages\/140\/revisions\/141"}],"up":[{"embeddable":true,"href":"http:\/\/www.markuswargclou.se\/index.php?rest_route=\/wp\/v2\/pages\/14"}],"wp:attachment":[{"href":"http:\/\/www.markuswargclou.se\/index.php?rest_route=%2Fwp%2Fv2%2Fmedia&parent=140"}],"curies":[{"name":"wp","href":"https:\/\/api.w.org\/{rel}","templated":true}]}}