{"id":130,"date":"2010-06-09T17:38:47","date_gmt":"2010-06-09T17:38:47","guid":{"rendered":"http:\/\/www.markuswargclou.se\/?page_id=130"},"modified":"2010-06-09T17:39:01","modified_gmt":"2010-06-09T17:39:01","slug":"rockets-innebandyklubb-2006","status":"publish","type":"page","link":"http:\/\/www.markuswargclou.se\/?page_id=130","title":{"rendered":"Rockets Innebandyklubb &#8211; 2006"},"content":{"rendered":"<p><span style=\"font-size: large;\"><strong>Rockets Innebandyklubb <\/strong><\/span><br \/>\n<br class=\"spacer_\" \/><br \/>\nMarkus Wargclous Minnesfond tilldelar  ungdomsverksamheten i Rockets innebandyklubb ett stipendium p\u00e5 10 000  kr.<br \/>\n<br class=\"spacer_\" \/><br \/>\nMarkus \u00e4lskade idrott. Fr\u00e5n det han var sju \u00e5r spelade  han fotboll, tennis, ishockey                 och  innebandy. N\u00e4r han blev \u00e4ldre och varje idrott  kr\u00e4vde \u00e4nnu mer satsning valde Markus innebandyn. Han hade b\u00f6rjat spela i  Geneta Bk, som n\u00e5dde stora framg\u00e5ngar. Markus ville forts\u00e4tta spela och  siktade p\u00e5 Elitseriespel.  S\u00f6dert\u00e4lje Rockets var det lag, som fick  honom att utvecklas, som innebandyspelare. D\u00e4r fann han den kamratskap,  som kom att betyda s\u00e5 mycket f\u00f6r honom b\u00e5de p\u00e5 och utanf\u00f6r bandyarenan.<br \/>\n<br class=\"spacer_\" \/><br \/>\nVi i familjen vill att Rockets innebandyklubb \u00e5rligen  skall erh\u00e5lla ett stipendium ur Markus Wargclous minnesfond.<br \/>\nMats och Margareta med familj, tillsammans med Markus  Wargclous Minnesfond.<br \/>\n<br class=\"spacer_\" \/><br class=\"spacer_\" \/><\/p>\n","protected":false},"excerpt":{"rendered":"<p>Rockets Innebandyklubb Markus Wargclous Minnesfond tilldelar ungdomsverksamheten i Rockets innebandyklubb ett stipendium p\u00e5 10 000 kr. Markus \u00e4lskade idrott. Fr\u00e5n det han var sju \u00e5r spelade han fotboll, tennis, ishockey och innebandy. N\u00e4r han blev \u00e4ldre och varje idrott kr\u00e4vde \u00e4nnu mer satsning valde Markus innebandyn. Han hade b\u00f6rjat spela i Geneta Bk, som n\u00e5dde [&hellip;]<\/p>\n","protected":false},"author":1,"featured_media":0,"parent":14,"menu_order":30,"comment_status":"open","ping_status":"closed","template":"","meta":{"ngg_post_thumbnail":0,"footnotes":""},"class_list":["post-130","page","type-page","status-publish","hentry"],"_links":{"self":[{"href":"http:\/\/www.markuswargclou.se\/index.php?rest_route=\/wp\/v2\/pages\/130","targetHints":{"allow":["GET"]}}],"collection":[{"href":"http:\/\/www.markuswargclou.se\/index.php?rest_route=\/wp\/v2\/pages"}],"about":[{"href":"http:\/\/www.markuswargclou.se\/index.php?rest_route=\/wp\/v2\/types\/page"}],"author":[{"embeddable":true,"href":"http:\/\/www.markuswargclou.se\/index.php?rest_route=\/wp\/v2\/users\/1"}],"replies":[{"embeddable":true,"href":"http:\/\/www.markuswargclou.se\/index.php?rest_route=%2Fwp%2Fv2%2Fcomments&post=130"}],"version-history":[{"count":2,"href":"http:\/\/www.markuswargclou.se\/index.php?rest_route=\/wp\/v2\/pages\/130\/revisions"}],"predecessor-version":[{"id":132,"href":"http:\/\/www.markuswargclou.se\/index.php?rest_route=\/wp\/v2\/pages\/130\/revisions\/132"}],"up":[{"embeddable":true,"href":"http:\/\/www.markuswargclou.se\/index.php?rest_route=\/wp\/v2\/pages\/14"}],"wp:attachment":[{"href":"http:\/\/www.markuswargclou.se\/index.php?rest_route=%2Fwp%2Fv2%2Fmedia&parent=130"}],"curies":[{"name":"wp","href":"https:\/\/api.w.org\/{rel}","templated":true}]}}