{"id":124,"date":"2010-06-09T17:35:50","date_gmt":"2010-06-09T17:35:50","guid":{"rendered":"http:\/\/www.markuswargclou.se\/?page_id=124"},"modified":"2010-06-09T17:35:50","modified_gmt":"2010-06-09T17:35:50","slug":"daniel-erlandsson-2006","status":"publish","type":"page","link":"http:\/\/www.markuswargclou.se\/?page_id=124","title":{"rendered":"Daniel Erlandsson &#8211; 2006"},"content":{"rendered":"<p><span style=\"font-size: large;\"><strong>Daniel  Erlandsson <\/strong><\/span><br \/>\n<br class=\"spacer_\" \/><br \/>\nMarkus Wargclous Minnesfond tilldelar Daniel  Erlandsson ett stipendium p\u00e5 5 000 kr f\u00f6r att bidra till hans deltagande  i en av Sveriges mest ansedda innebandyl\u00e4ger f\u00f6r ungdomar, Pixbo  summercamp.<br \/>\n<br class=\"spacer_\" \/><br \/>\nMinnesfonden fick en ans\u00f6kan fr\u00e5n Henrik Erlandsson om  att hans lillebror Daniel under flera \u00e5r har velat delta i Pixbos  sommarl\u00e4ger f\u00f6r att dels f\u00e5 en rolig upplevelse men \u00e4ven f\u00e5 en chans att  f\u00e5 utveckla sina innebandykunskaper. Men varje \u00e5r har slutat i en  besvikelse eftersom det inte har funnits n\u00e5gra pengar till att  finansiera hans deltagande i l\u00e4gret.<br \/>\n<br class=\"spacer_\" \/><br \/>\nMed det h\u00e4r stipendiet hoppas minnesfonden att han f\u00e5r  en fin upplevelse och att detta hj\u00e4lper honom i hans fortsatta  innebandykarri\u00e4r.<br \/>\n<br class=\"spacer_\" \/><br class=\"spacer_\" \/><\/p>\n","protected":false},"excerpt":{"rendered":"<p>Daniel Erlandsson Markus Wargclous Minnesfond tilldelar Daniel Erlandsson ett stipendium p\u00e5 5 000 kr f\u00f6r att bidra till hans deltagande i en av Sveriges mest ansedda innebandyl\u00e4ger f\u00f6r ungdomar, Pixbo summercamp. Minnesfonden fick en ans\u00f6kan fr\u00e5n Henrik Erlandsson om att hans lillebror Daniel under flera \u00e5r har velat delta i Pixbos sommarl\u00e4ger f\u00f6r att dels [&hellip;]<\/p>\n","protected":false},"author":1,"featured_media":0,"parent":14,"menu_order":28,"comment_status":"open","ping_status":"closed","template":"","meta":{"ngg_post_thumbnail":0,"footnotes":""},"class_list":["post-124","page","type-page","status-publish","hentry"],"_links":{"self":[{"href":"http:\/\/www.markuswargclou.se\/index.php?rest_route=\/wp\/v2\/pages\/124","targetHints":{"allow":["GET"]}}],"collection":[{"href":"http:\/\/www.markuswargclou.se\/index.php?rest_route=\/wp\/v2\/pages"}],"about":[{"href":"http:\/\/www.markuswargclou.se\/index.php?rest_route=\/wp\/v2\/types\/page"}],"author":[{"embeddable":true,"href":"http:\/\/www.markuswargclou.se\/index.php?rest_route=\/wp\/v2\/users\/1"}],"replies":[{"embeddable":true,"href":"http:\/\/www.markuswargclou.se\/index.php?rest_route=%2Fwp%2Fv2%2Fcomments&post=124"}],"version-history":[{"count":1,"href":"http:\/\/www.markuswargclou.se\/index.php?rest_route=\/wp\/v2\/pages\/124\/revisions"}],"predecessor-version":[{"id":125,"href":"http:\/\/www.markuswargclou.se\/index.php?rest_route=\/wp\/v2\/pages\/124\/revisions\/125"}],"up":[{"embeddable":true,"href":"http:\/\/www.markuswargclou.se\/index.php?rest_route=\/wp\/v2\/pages\/14"}],"wp:attachment":[{"href":"http:\/\/www.markuswargclou.se\/index.php?rest_route=%2Fwp%2Fv2%2Fmedia&parent=124"}],"curies":[{"name":"wp","href":"https:\/\/api.w.org\/{rel}","templated":true}]}}