{"id":115,"date":"2010-06-09T17:31:44","date_gmt":"2010-06-09T17:31:44","guid":{"rendered":"http:\/\/www.markuswargclou.se\/?page_id=115"},"modified":"2010-06-09T17:31:44","modified_gmt":"2010-06-09T17:31:44","slug":"annika-ahlund-2007","status":"publish","type":"page","link":"http:\/\/www.markuswargclou.se\/?page_id=115","title":{"rendered":"Annika \u00c5hlund &#8211; 2007"},"content":{"rendered":"<p><span style=\"font-size: large;\"><strong>Annika \u00c5hlund<\/strong><\/span><br \/>\n<br class=\"spacer_\" \/><br \/>\nMarkus Wargclous Minnesfond tilldelar Annika  \u00c5hlund ett stipendium p\u00e5 5000 kr f\u00f6r att uppm\u00e4rksamma denna  Nykvarnstjejs fantastiska b\u00e5gskyttemeriter.<br \/>\n<br class=\"spacer_\" \/><br \/>\nAnnika har n\u00e5tt framg\u00e5ng inom en idrott som kr\u00e4ver  individuell skicklighet, koncentration och mental balans. Trots att  Annika ut\u00f6var en idrott som leder till enskilda prestationer v\u00e4rdes\u00e4tter  hon och prioriterar ut\u00f6vandet och tr\u00e4ningen tillsammans med andra.<br \/>\n<br class=\"spacer_\" \/><br \/>\nAnnikas idrottsliga prestationer inom b\u00e5gskytte  nationellt och internationellt har resulterat i 8 individuella SM-guld, 1  individuellt EM-silver och 1 VM-guld i lag.<br \/>\n<br class=\"spacer_\" \/><br \/>\nAnnika har varit med och startat en klubb i Nykvarn  vilket skapat m\u00f6jlighet f\u00f6r ungdomar att ut\u00f6va b\u00e5gskytte i regionen.<br \/>\n<br class=\"spacer_\" \/><br class=\"spacer_\" \/><\/p>\n","protected":false},"excerpt":{"rendered":"<p>Annika \u00c5hlund Markus Wargclous Minnesfond tilldelar Annika \u00c5hlund ett stipendium p\u00e5 5000 kr f\u00f6r att uppm\u00e4rksamma denna Nykvarnstjejs fantastiska b\u00e5gskyttemeriter. Annika har n\u00e5tt framg\u00e5ng inom en idrott som kr\u00e4ver individuell skicklighet, koncentration och mental balans. Trots att Annika ut\u00f6var en idrott som leder till enskilda prestationer v\u00e4rdes\u00e4tter hon och prioriterar ut\u00f6vandet och tr\u00e4ningen tillsammans med [&hellip;]<\/p>\n","protected":false},"author":1,"featured_media":0,"parent":14,"menu_order":25,"comment_status":"open","ping_status":"closed","template":"","meta":{"ngg_post_thumbnail":0,"footnotes":""},"class_list":["post-115","page","type-page","status-publish","hentry"],"_links":{"self":[{"href":"http:\/\/www.markuswargclou.se\/index.php?rest_route=\/wp\/v2\/pages\/115","targetHints":{"allow":["GET"]}}],"collection":[{"href":"http:\/\/www.markuswargclou.se\/index.php?rest_route=\/wp\/v2\/pages"}],"about":[{"href":"http:\/\/www.markuswargclou.se\/index.php?rest_route=\/wp\/v2\/types\/page"}],"author":[{"embeddable":true,"href":"http:\/\/www.markuswargclou.se\/index.php?rest_route=\/wp\/v2\/users\/1"}],"replies":[{"embeddable":true,"href":"http:\/\/www.markuswargclou.se\/index.php?rest_route=%2Fwp%2Fv2%2Fcomments&post=115"}],"version-history":[{"count":1,"href":"http:\/\/www.markuswargclou.se\/index.php?rest_route=\/wp\/v2\/pages\/115\/revisions"}],"predecessor-version":[{"id":116,"href":"http:\/\/www.markuswargclou.se\/index.php?rest_route=\/wp\/v2\/pages\/115\/revisions\/116"}],"up":[{"embeddable":true,"href":"http:\/\/www.markuswargclou.se\/index.php?rest_route=\/wp\/v2\/pages\/14"}],"wp:attachment":[{"href":"http:\/\/www.markuswargclou.se\/index.php?rest_route=%2Fwp%2Fv2%2Fmedia&parent=115"}],"curies":[{"name":"wp","href":"https:\/\/api.w.org\/{rel}","templated":true}]}}