{"id":109,"date":"2010-06-09T17:28:03","date_gmt":"2010-06-09T17:28:03","guid":{"rendered":"http:\/\/www.markuswargclou.se\/?page_id=109"},"modified":"2010-06-09T17:28:03","modified_gmt":"2010-06-09T17:28:03","slug":"diabate-dallas-dialy-mory-2007","status":"publish","type":"page","link":"http:\/\/www.markuswargclou.se\/?page_id=109","title":{"rendered":"Diabate &#8221;Dallas&#8221; Dialy-Mory &#8211; 2007"},"content":{"rendered":"<p><span style=\"font-size: large;\"><strong>Diabate &#8221;Dallas&#8221; Dialy-Mory<\/strong><\/span><br \/>\n<br class=\"spacer_\" \/><br \/>\nMarkus Wargclous Minnesfond tilldelar Diabate  &#8221;Dallas&#8221; Dialy-Mory ett stipendium p\u00e5 10 000 kr f\u00f6r sitt engagemang med  ungdomar i Roseng\u00e5rd, Malm\u00f6.<br \/>\n<br class=\"spacer_\" \/><br \/>\nSom ledare\/tr\u00e4nare har Dallas varit \u00e4rlig och rak.  Dallas har genom sin drivkraft och sitt engagemang l\u00e4tt f\u00f6r att samla  ungdomar kring sig oberoende av olika kulturella skillnader.<br \/>\n<br class=\"spacer_\" \/><br \/>\nDallas m\u00e5tto \u00e4r att vara m\u00e4nsklig som i sin tur \u00e4r  grunden f\u00f6r all samlevnad d\u00e4r alla ska behandlas lika oberoende av  ursprung och rikedom.<br \/>\n<br class=\"spacer_\" \/><br \/>\nGenom sitt arbete som idrottsledare har Dallas lyckats  skapa harmoni och trygghet f\u00f6r m\u00e5nga ungdomar och givit dem  f\u00f6ruts\u00e4ttningar att lyckas.<br \/>\n<br class=\"spacer_\" \/><br class=\"spacer_\" \/><\/p>\n","protected":false},"excerpt":{"rendered":"<p>Diabate &#8221;Dallas&#8221; Dialy-Mory Markus Wargclous Minnesfond tilldelar Diabate &#8221;Dallas&#8221; Dialy-Mory ett stipendium p\u00e5 10 000 kr f\u00f6r sitt engagemang med ungdomar i Roseng\u00e5rd, Malm\u00f6. Som ledare\/tr\u00e4nare har Dallas varit \u00e4rlig och rak. Dallas har genom sin drivkraft och sitt engagemang l\u00e4tt f\u00f6r att samla ungdomar kring sig oberoende av olika kulturella skillnader. Dallas m\u00e5tto \u00e4r [&hellip;]<\/p>\n","protected":false},"author":1,"featured_media":0,"parent":14,"menu_order":23,"comment_status":"open","ping_status":"closed","template":"","meta":{"ngg_post_thumbnail":0,"footnotes":""},"class_list":["post-109","page","type-page","status-publish","hentry"],"_links":{"self":[{"href":"http:\/\/www.markuswargclou.se\/index.php?rest_route=\/wp\/v2\/pages\/109","targetHints":{"allow":["GET"]}}],"collection":[{"href":"http:\/\/www.markuswargclou.se\/index.php?rest_route=\/wp\/v2\/pages"}],"about":[{"href":"http:\/\/www.markuswargclou.se\/index.php?rest_route=\/wp\/v2\/types\/page"}],"author":[{"embeddable":true,"href":"http:\/\/www.markuswargclou.se\/index.php?rest_route=\/wp\/v2\/users\/1"}],"replies":[{"embeddable":true,"href":"http:\/\/www.markuswargclou.se\/index.php?rest_route=%2Fwp%2Fv2%2Fcomments&post=109"}],"version-history":[{"count":1,"href":"http:\/\/www.markuswargclou.se\/index.php?rest_route=\/wp\/v2\/pages\/109\/revisions"}],"predecessor-version":[{"id":110,"href":"http:\/\/www.markuswargclou.se\/index.php?rest_route=\/wp\/v2\/pages\/109\/revisions\/110"}],"up":[{"embeddable":true,"href":"http:\/\/www.markuswargclou.se\/index.php?rest_route=\/wp\/v2\/pages\/14"}],"wp:attachment":[{"href":"http:\/\/www.markuswargclou.se\/index.php?rest_route=%2Fwp%2Fv2%2Fmedia&parent=109"}],"curies":[{"name":"wp","href":"https:\/\/api.w.org\/{rel}","templated":true}]}}