{"id":106,"date":"2010-06-09T17:26:22","date_gmt":"2010-06-09T17:26:22","guid":{"rendered":"http:\/\/www.markuswargclou.se\/?page_id=106"},"modified":"2010-06-09T17:26:22","modified_gmt":"2010-06-09T17:26:22","slug":"thomas-fredriksson-2007","status":"publish","type":"page","link":"http:\/\/www.markuswargclou.se\/?page_id=106","title":{"rendered":"Thomas Fredriksson &#8211; 2007"},"content":{"rendered":"<p><span style=\"font-size: large;\"><strong>Thomas Fredriksson<\/strong><\/span><br \/>\n<br class=\"spacer_\" \/><br \/>\nMarkus Wargclous Minnesfond tilldelar Thomas Fredriksson ett stipendium p\u00e5 5 000 kr f\u00f6r att uppm\u00e4rksamma denne eldsj\u00e4ls fantastiska engagemang.<br \/>\n<br class=\"spacer_\" \/><br \/>\nEfter att sj\u00e4lv ha idrottat en del s\u00e5 fick han en f\u00f6rfr\u00e5gan om att arbeta ideellt som materialare. Idag, 11 \u00e5r senare, g\u00f6r han fortfarande ett fantastiskt jobb i bakgrunden av alla duktiga spelare, tr\u00e4nare och f\u00f6rening. 3 SM-silver, ett Europa-cup silver och ett Dj-SM-guld \u00e4r bara n\u00e5gra av de meriter som Thomas st\u00e5r bakom.<br \/>\n<br class=\"spacer_\" \/><br \/>\nAtt vara materialare kan ibland vara mycket tungt, otacksamt och tidskr\u00e4vande. Men \u00e4r en utav de viktigaste delarna i att ett lag skall kunna fungera.<br \/>\n<br class=\"spacer_\" \/><br \/>\nThomas outtr\u00f6ttliga arbete och engagemang f\u00f6r det han g\u00f6r inom innebandyn \u00e4r beundransv\u00e4rt och hoppas han forts\u00e4tter i m\u00e5nga \u00e5r till.<br \/>\n<br class=\"spacer_\" \/><br class=\"spacer_\" \/><\/p>\n","protected":false},"excerpt":{"rendered":"<p>Thomas Fredriksson Markus Wargclous Minnesfond tilldelar Thomas Fredriksson ett stipendium p\u00e5 5 000 kr f\u00f6r att uppm\u00e4rksamma denne eldsj\u00e4ls fantastiska engagemang. Efter att sj\u00e4lv ha idrottat en del s\u00e5 fick han en f\u00f6rfr\u00e5gan om att arbeta ideellt som materialare. Idag, 11 \u00e5r senare, g\u00f6r han fortfarande ett fantastiskt jobb i bakgrunden av alla duktiga spelare, [&hellip;]<\/p>\n","protected":false},"author":1,"featured_media":0,"parent":14,"menu_order":22,"comment_status":"open","ping_status":"closed","template":"","meta":{"ngg_post_thumbnail":0,"footnotes":""},"class_list":["post-106","page","type-page","status-publish","hentry"],"_links":{"self":[{"href":"http:\/\/www.markuswargclou.se\/index.php?rest_route=\/wp\/v2\/pages\/106","targetHints":{"allow":["GET"]}}],"collection":[{"href":"http:\/\/www.markuswargclou.se\/index.php?rest_route=\/wp\/v2\/pages"}],"about":[{"href":"http:\/\/www.markuswargclou.se\/index.php?rest_route=\/wp\/v2\/types\/page"}],"author":[{"embeddable":true,"href":"http:\/\/www.markuswargclou.se\/index.php?rest_route=\/wp\/v2\/users\/1"}],"replies":[{"embeddable":true,"href":"http:\/\/www.markuswargclou.se\/index.php?rest_route=%2Fwp%2Fv2%2Fcomments&post=106"}],"version-history":[{"count":1,"href":"http:\/\/www.markuswargclou.se\/index.php?rest_route=\/wp\/v2\/pages\/106\/revisions"}],"predecessor-version":[{"id":107,"href":"http:\/\/www.markuswargclou.se\/index.php?rest_route=\/wp\/v2\/pages\/106\/revisions\/107"}],"up":[{"embeddable":true,"href":"http:\/\/www.markuswargclou.se\/index.php?rest_route=\/wp\/v2\/pages\/14"}],"wp:attachment":[{"href":"http:\/\/www.markuswargclou.se\/index.php?rest_route=%2Fwp%2Fv2%2Fmedia&parent=106"}],"curies":[{"name":"wp","href":"https:\/\/api.w.org\/{rel}","templated":true}]}}